{"id":3647,"date":"2022-04-10T22:46:53","date_gmt":"2022-04-10T22:46:53","guid":{"rendered":"https:\/\/rentennials.app\/?page_id=3647"},"modified":"2024-01-11T18:02:17","modified_gmt":"2024-01-11T18:02:17","slug":"tips-locatario-contra-devolucion","status":"publish","type":"page","link":"https:\/\/blog.rentennials.app\/pt\/tips-locatario-contra-devolucion\/","title":{"rendered":"Tips locatario contra devoluci\u00f3n"},"content":{"rendered":"<p>[vc_section full_width=&#8221;stretch_row&#8221; css=&#8221;.vc_custom_1649537850784{margin-top: -40px !important;margin-bottom: -40px !important;}&#8221; mobile_bg_img_hidden=&#8221;no&#8221; tablet_bg_img_hidden=&#8221;no&#8221; woodmart_parallax=&#8221;0&#8243; woodmart_gradient_switch=&#8221;no&#8221; woodmart_disable_overflow=&#8221;0&#8243; woodmart_css_id=&#8221;6251f3308a917&#8243; woodmart_box_shadow=&#8221;no&#8221; wd_z_index=&#8221;no&#8221;][vc_row][vc_column][vc_empty_space height=&#8221;40px&#8221; woodmart_hide_large=&#8221;0&#8243; woodmart_hide_medium=&#8221;0&#8243; woodmart_hide_small=&#8221;0&#8243; woodmart_hide_extra_small=&#8221;0&#8243;][vc_row_inner][vc_column_inner width=&#8221;1\/4&#8243;][\/vc_column_inner][vc_column_inner width=&#8221;1\/2&#8243;]\t\t\t<link rel=\"stylesheet\" id=\"wd-section-title-css\" href=\"https:\/\/blog.rentennials.app\/wp-content\/themes\/woodmart\/css\/parts\/el-section-title.min.css?ver=7.2.4\" type=\"text\/css\" media=\"all\" \/> \t\t\t\t\t\t<link rel=\"stylesheet\" id=\"wd-mod-highlighted-text-css\" href=\"https:\/\/blog.rentennials.app\/wp-content\/themes\/woodmart\/css\/parts\/mod-highlighted-text.min.css?ver=7.2.4\" type=\"text\/css\" media=\"all\" \/> \t\t\t\n\t\t<div id=\"wd-65a02ab045e2a\" class=\"title-wrapper wd-wpb set-mb-s reset-last-child  wd-rs-65a02ab045e2a wd-title-color-default wd-title-style-default text-center  wd-underline-colored\">\n\t\t\t\t\t\t\t<div class=\"title-subtitle  subtitle-color-default font-alt subtitle-style-default wd-font-weight-500 wd-fontsize-xs\">Tu viaje est\u00e1 por finalizar<\/div>\n\t\t\t\n\t\t\t<div class=\"liner-continer\">\n\t\t\t\t<h4 class=\"woodmart-title-container title  wd-font-weight- wd-fontsize-xxl\" >Tips a tener en cuenta al momento de devolver tu veh\u00edculo<\/h4>\n\t\t\t\t\t\t\t<\/div>\n\t\t\t\n\t\t\t\n\t\t\t\n\t\t<\/div>\n\t\t\n\t\t[\/vc_column_inner][vc_column_inner width=&#8221;1\/4&#8243;][\/vc_column_inner][\/vc_row_inner][vc_empty_space height=&#8221;50px&#8221; woodmart_hide_large=&#8221;0&#8243; woodmart_hide_medium=&#8221;0&#8243; woodmart_hide_small=&#8221;0&#8243; woodmart_hide_extra_small=&#8221;0&#8243;][\/vc_column][\/vc_row][vc_row][vc_column][vc_row_inner][vc_column_inner width=&#8221;1\/2&#8243;][vc_column_text woodmart_inline=&#8221;no&#8221; text_larger=&#8221;no&#8221;]<img decoding=\"async\" class=\"alignnone wp-image-3600 lazyload\" data-src=\"https:\/\/blog.rentennials.app\/wp-content\/uploads\/2022\/04\/tarjeta_verde-300x300.gif\" alt=\"\" width=\"120\" height=\"120\" data-srcset=\"https:\/\/blog.rentennials.app\/wp-content\/uploads\/2022\/04\/tarjeta_verde-300x300.gif 300w, https:\/\/blog.rentennials.app\/wp-content\/uploads\/2022\/04\/tarjeta_verde-150x150.gif 150w\" data-sizes=\"(max-width: 120px) 100vw, 120px\" src=\"data:image\/svg+xml;base64,PHN2ZyB3aWR0aD0iMSIgaGVpZ2h0PSIxIiB4bWxucz0iaHR0cDovL3d3dy53My5vcmcvMjAwMC9zdmciPjwvc3ZnPg==\" style=\"--smush-placeholder-width: 120px; --smush-placeholder-aspect-ratio: 120\/120;\" \/>[\/vc_column_text][vc_column_text woodmart_inline=&#8221;no&#8221; text_larger=&#8221;no&#8221; css=&#8221;.vc_custom_1649629964185{margin-top: -30px !important;}&#8221;]<\/p>\n<h1><span style=\"color: #6241d8;\">Documentaci\u00f3n\u00a0<\/span><\/h1>\n<p>[\/vc_column_text]\t\t\t<link rel=\"stylesheet\" id=\"wd-responsive-text-css\" href=\"https:\/\/blog.rentennials.app\/wp-content\/themes\/woodmart\/css\/parts\/el-responsive-text.min.css?ver=7.2.4\" type=\"text\/css\" media=\"all\" \/> \t\t\t\t\t\t<div id=\"wd-65a02abdbf100\" class=\"wd-text-block-wrapper wd-wpb wd-rs-65a02abdbf100 color-scheme- text-left vc_custom_1704995532170\">\n\t\t\t\t<div class=\"woodmart-title-container woodmart-text-block reset-last-child font-text wd-font-weight- \">\n\t\t\t\t\tControla que la tarjeta del veh\u00edculo y documentaci\u00f3n importante se encuentre en su lugar.\t\t\t\t<\/div>\n\n\t\t\t\t\t\t\t<\/div>\n\t\t[vc_empty_space height=&#8221;20px&#8221; woodmart_hide_large=&#8221;0&#8243; woodmart_hide_medium=&#8221;0&#8243; woodmart_hide_small=&#8221;0&#8243; woodmart_hide_extra_small=&#8221;0&#8243;][vc_separator][\/vc_column_inner][vc_column_inner width=&#8221;1\/2&#8243;][vc_column_text woodmart_inline=&#8221;no&#8221; text_larger=&#8221;no&#8221;]<img decoding=\"async\" class=\"alignnone wp-image-3642 lazyload\" data-src=\"https:\/\/blog.rentennials.app\/wp-content\/uploads\/2022\/04\/estado-300x300.gif\" alt=\"\" width=\"120\" height=\"120\" data-srcset=\"https:\/\/blog.rentennials.app\/wp-content\/uploads\/2022\/04\/estado-300x300.gif 300w, https:\/\/blog.rentennials.app\/wp-content\/uploads\/2022\/04\/estado-150x150.gif 150w\" data-sizes=\"(max-width: 120px) 100vw, 120px\" src=\"data:image\/svg+xml;base64,PHN2ZyB3aWR0aD0iMSIgaGVpZ2h0PSIxIiB4bWxucz0iaHR0cDovL3d3dy53My5vcmcvMjAwMC9zdmciPjwvc3ZnPg==\" style=\"--smush-placeholder-width: 120px; --smush-placeholder-aspect-ratio: 120\/120;\" \/>[\/vc_column_text][vc_column_text woodmart_inline=&#8221;no&#8221; text_larger=&#8221;no&#8221; css=&#8221;.vc_custom_1649630024402{margin-top: -30px !important;}&#8221;]<\/p>\n<h1><span style=\"color: #6241d8;\">Estado de devoluci\u00f3n\u00a0<\/span><\/h1>\n<p>[\/vc_column_text]\t\t\t<div id=\"wd-62535e9a86340\" class=\"wd-text-block-wrapper wd-wpb wd-rs-62535e9a86340 color-scheme- text-left vc_custom_1649630882373\">\n\t\t\t\t<div class=\"woodmart-title-container woodmart-text-block reset-last-child font-text wd-font-weight- \">\n\t\t\t\t\tCompara con las fotos que te enviaron si el veh\u00edculo se encuentra en las mismas condiciones.\t\t\t\t<\/div>\n\n\t\t\t\t\t\t\t<\/div>\n\t\t[vc_empty_space height=&#8221;20px&#8221; woodmart_hide_large=&#8221;0&#8243; woodmart_hide_medium=&#8221;0&#8243; woodmart_hide_small=&#8221;0&#8243; woodmart_hide_extra_small=&#8221;0&#8243;][vc_separator][\/vc_column_inner][\/vc_row_inner][vc_row_inner][vc_column_inner width=&#8221;1\/2&#8243;][vc_column_text woodmart_inline=&#8221;no&#8221; text_larger=&#8221;no&#8221;]<img decoding=\"async\" class=\"alignnone wp-image-3611 lazyload\" data-src=\"https:\/\/blog.rentennials.app\/wp-content\/uploads\/2022\/04\/combustible-300x300.gif\" alt=\"\" width=\"120\" height=\"120\" data-srcset=\"https:\/\/blog.rentennials.app\/wp-content\/uploads\/2022\/04\/combustible-300x300.gif 300w, https:\/\/blog.rentennials.app\/wp-content\/uploads\/2022\/04\/combustible-150x150.gif 150w\" data-sizes=\"(max-width: 120px) 100vw, 120px\" src=\"data:image\/svg+xml;base64,PHN2ZyB3aWR0aD0iMSIgaGVpZ2h0PSIxIiB4bWxucz0iaHR0cDovL3d3dy53My5vcmcvMjAwMC9zdmciPjwvc3ZnPg==\" style=\"--smush-placeholder-width: 120px; --smush-placeholder-aspect-ratio: 120\/120;\" \/>[\/vc_column_text][vc_column_text woodmart_inline=&#8221;no&#8221; text_larger=&#8221;no&#8221; css=&#8221;.vc_custom_1649540461433{margin-top: -30px !important;}&#8221;]<\/p>\n<h1><span style=\"color: #6241d8;\">Combustible<\/span><\/h1>\n<p>[\/vc_column_text]\t\t\t<div id=\"wd-62535eb4099e2\" class=\"wd-text-block-wrapper wd-wpb wd-rs-62535eb4099e2 color-scheme- text-left vc_custom_1649630906301\">\n\t\t\t\t<div class=\"woodmart-title-container woodmart-text-block reset-last-child font-text wd-font-weight- \">\n\t\t\t\t\tRecuerda llenar el tanque con el tipo de combustible especificado por el propietario en la entrega.\t\t\t\t<\/div>\n\n\t\t\t\t\t\t\t<\/div>\n\t\t[vc_empty_space height=&#8221;20px&#8221; woodmart_hide_large=&#8221;0&#8243; woodmart_hide_medium=&#8221;0&#8243; woodmart_hide_small=&#8221;0&#8243; woodmart_hide_extra_small=&#8221;0&#8243;][vc_separator][\/vc_column_inner][vc_column_inner width=&#8221;1\/2&#8243;][vc_column_text woodmart_inline=&#8221;no&#8221; text_larger=&#8221;no&#8221;]<img decoding=\"async\" class=\"alignnone wp-image-3612 lazyload\" data-src=\"https:\/\/blog.rentennials.app\/wp-content\/uploads\/2022\/04\/limpieza-300x300.gif\" alt=\"\" width=\"120\" height=\"120\" data-srcset=\"https:\/\/blog.rentennials.app\/wp-content\/uploads\/2022\/04\/limpieza-300x300.gif 300w, https:\/\/blog.rentennials.app\/wp-content\/uploads\/2022\/04\/limpieza-150x150.gif 150w\" data-sizes=\"(max-width: 120px) 100vw, 120px\" src=\"data:image\/svg+xml;base64,PHN2ZyB3aWR0aD0iMSIgaGVpZ2h0PSIxIiB4bWxucz0iaHR0cDovL3d3dy53My5vcmcvMjAwMC9zdmciPjwvc3ZnPg==\" style=\"--smush-placeholder-width: 120px; --smush-placeholder-aspect-ratio: 120\/120;\" \/>[\/vc_column_text][vc_column_text woodmart_inline=&#8221;no&#8221; text_larger=&#8221;no&#8221; css=&#8221;.vc_custom_1649540477001{margin-top: -30px !important;}&#8221;]<\/p>\n<h1><span style=\"color: #6241d8;\">Limpieza<\/span><\/h1>\n<p>[\/vc_column_text]\t\t\t<div id=\"wd-65a02ae218c77\" class=\"wd-text-block-wrapper wd-wpb wd-rs-65a02ae218c77 color-scheme- text-left vc_custom_1704995617335\">\n\t\t\t\t<div class=\"woodmart-title-container woodmart-text-block reset-last-child font-text wd-font-weight- \">\n\t\t\t\t\tEl lavado ya estaba inclu\u00eddo pero procura devolverlo en las mejores condiciones.\t\t\t\t<\/div>\n\n\t\t\t\t\t\t\t<\/div>\n\t\t[vc_empty_space height=&#8221;20px&#8221; woodmart_hide_large=&#8221;0&#8243; woodmart_hide_medium=&#8221;0&#8243; woodmart_hide_small=&#8221;0&#8243; woodmart_hide_extra_small=&#8221;0&#8243;][vc_separator][\/vc_column_inner][\/vc_row_inner][vc_row_inner][vc_column_inner width=&#8221;1\/2&#8243;][vc_column_text woodmart_inline=&#8221;no&#8221; text_larger=&#8221;no&#8221;]<img decoding=\"async\" class=\"alignnone wp-image-3643 lazyload\" data-src=\"https:\/\/blog.rentennials.app\/wp-content\/uploads\/2022\/04\/kms-300x300.gif\" alt=\"\" width=\"120\" height=\"120\" data-srcset=\"https:\/\/blog.rentennials.app\/wp-content\/uploads\/2022\/04\/kms-300x300.gif 300w, https:\/\/blog.rentennials.app\/wp-content\/uploads\/2022\/04\/kms-150x150.gif 150w\" data-sizes=\"(max-width: 120px) 100vw, 120px\" src=\"data:image\/svg+xml;base64,PHN2ZyB3aWR0aD0iMSIgaGVpZ2h0PSIxIiB4bWxucz0iaHR0cDovL3d3dy53My5vcmcvMjAwMC9zdmciPjwvc3ZnPg==\" style=\"--smush-placeholder-width: 120px; --smush-placeholder-aspect-ratio: 120\/120;\" \/>[\/vc_column_text][vc_column_text woodmart_inline=&#8221;no&#8221; text_larger=&#8221;no&#8221; css=&#8221;.vc_custom_1649630130119{margin-top: -30px !important;}&#8221;]<\/p>\n<h1><span style=\"color: #6241d8;\">Kms recorridos<\/span><\/h1>\n<p>[\/vc_column_text]\t\t\t<div id=\"wd-65a02d1a3e75a\" class=\"wd-text-block-wrapper wd-wpb wd-rs-65a02d1a3e75a color-scheme- text-left wd-width-enabled vc_custom_1704996129238\" style=\"--wd-max-width: 90%;\">\n\t\t\t\t<div class=\"woodmart-title-container woodmart-text-block reset-last-child font-text wd-font-weight- \">\n\t\t\t\t\tControla si respetaste el l\u00edmite de kil\u00f3metros permitidos por d\u00eda.\t\t\t\t<\/div>\n\n\t\t\t\t\t\t\t<\/div>\n\t\t[vc_empty_space height=&#8221;20px&#8221; woodmart_hide_large=&#8221;0&#8243; woodmart_hide_medium=&#8221;0&#8243; woodmart_hide_small=&#8221;0&#8243; woodmart_hide_extra_small=&#8221;0&#8243;][vc_separator][\/vc_column_inner][vc_column_inner width=&#8221;1\/2&#8243;][vc_column_text woodmart_inline=&#8221;no&#8221; text_larger=&#8221;no&#8221;]<img decoding=\"async\" class=\"alignnone wp-image-3644 lazyload\" data-src=\"https:\/\/blog.rentennials.app\/wp-content\/uploads\/2022\/04\/multas-300x300.gif\" alt=\"\" width=\"120\" height=\"120\" data-srcset=\"https:\/\/blog.rentennials.app\/wp-content\/uploads\/2022\/04\/multas-300x300.gif 300w, https:\/\/blog.rentennials.app\/wp-content\/uploads\/2022\/04\/multas-150x150.gif 150w\" data-sizes=\"(max-width: 120px) 100vw, 120px\" src=\"data:image\/svg+xml;base64,PHN2ZyB3aWR0aD0iMSIgaGVpZ2h0PSIxIiB4bWxucz0iaHR0cDovL3d3dy53My5vcmcvMjAwMC9zdmciPjwvc3ZnPg==\" style=\"--smush-placeholder-width: 120px; --smush-placeholder-aspect-ratio: 120\/120;\" \/>[\/vc_column_text][vc_column_text woodmart_inline=&#8221;no&#8221; text_larger=&#8221;no&#8221; css=&#8221;.vc_custom_1649630168708{margin-top: -30px !important;}&#8221;]<\/p>\n<h1><span style=\"color: #6241d8;\">Multas\u00a0<\/span><\/h1>\n<p>[\/vc_column_text]\t\t\t<div id=\"wd-65a02d234d899\" class=\"wd-text-block-wrapper wd-wpb wd-rs-65a02d234d899 color-scheme- text-left wd-width-enabled vc_custom_1704996136017\" style=\"--wd-max-width: 90%;\">\n\t\t\t\t<div class=\"woodmart-title-container woodmart-text-block reset-last-child font-text wd-font-weight- \">\n\t\t\t\t\tTe recomendamos consultar en internet si obtuviste multas en el periodo de alquiler.\t\t\t\t<\/div>\n\n\t\t\t\t\t\t\t<\/div>\n\t\t[vc_empty_space height=&#8221;20px&#8221; woodmart_hide_large=&#8221;0&#8243; woodmart_hide_medium=&#8221;0&#8243; woodmart_hide_small=&#8221;0&#8243; woodmart_hide_extra_small=&#8221;0&#8243;][vc_separator][\/vc_column_inner][\/vc_row_inner][\/vc_column][\/vc_row][vc_row][vc_column][vc_empty_space height=&#8221;40px&#8221; woodmart_hide_large=&#8221;0&#8243; woodmart_hide_medium=&#8221;0&#8243; woodmart_hide_small=&#8221;0&#8243; woodmart_hide_extra_small=&#8221;0&#8243;][vc_row_inner][vc_column_inner width=&#8221;1\/3&#8243;][\/vc_column_inner][vc_column_inner width=&#8221;1\/3&#8243;][vc_single_image source=&#8221;external_link&#8221; external_img_size=&#8221;120&#215;120&#8243; alignment=&#8221;center&#8221; custom_src=&#8221;https:\/\/blog.rentennials.app\/wp-content\/uploads\/2024\/01\/wired-outline-1092-applause.gif&#8221; parallax_scroll=&#8221;no&#8221; woodmart_inline=&#8221;no&#8221;][\/vc_column_inner][vc_column_inner width=&#8221;1\/3&#8243;][\/vc_column_inner][\/vc_row_inner][vc_row_inner][vc_column_inner width=&#8221;1\/4&#8243;][\/vc_column_inner][vc_column_inner width=&#8221;1\/2&#8243;]\n\t\t<div id=\"wd-65a02b762196f\" class=\"title-wrapper wd-wpb set-mb-s reset-last-child  wd-rs-65a02b762196f wd-title-color-default wd-title-style-default text-center  wd-underline-colored\">\n\t\t\t\t\t\t\t<div class=\"title-subtitle  subtitle-color-default font-alt subtitle-style-default wd-font-weight-500 wd-fontsize-xs\">Fue un placer tenerte<\/div>\n\t\t\t\n\t\t\t<div class=\"liner-continer\">\n\t\t\t\t<h4 class=\"woodmart-title-container title  wd-font-weight- wd-fontsize-xxl\" >Gracias por viajar con Rentennials!<\/h4>\n\t\t\t\t\t\t\t<\/div>\n\t\t\t\n\t\t\t\n\t\t\t\n\t\t<\/div>\n\t\t\n\t\t[\/vc_column_inner][vc_column_inner width=&#8221;1\/4&#8243;][\/vc_column_inner][\/vc_row_inner][vc_empty_space height=&#8221;50px&#8221; woodmart_hide_large=&#8221;0&#8243; woodmart_hide_medium=&#8221;0&#8243; woodmart_hide_small=&#8221;0&#8243; woodmart_hide_extra_small=&#8221;0&#8243;][\/vc_column][\/vc_row][vc_row][vc_column][vc_empty_space height=&#8221;70px&#8221; woodmart_hide_large=&#8221;0&#8243; woodmart_hide_medium=&#8221;0&#8243; woodmart_hide_small=&#8221;0&#8243; woodmart_hide_extra_small=&#8221;0&#8243;][\/vc_column][\/vc_row][\/vc_section]<\/p>\n","protected":false},"excerpt":{"rendered":"<p>[vc_section full_width=&#8221;stretch_row&#8221; css=&#8221;.vc_custom_1649537850784{margin-top: -40px !important;margin-bottom: -40px !important;}&#8221; mobile_bg_img_hidden=&#8221;no&#8221; tablet_bg_img_hidden=&#8221;no&#8221; woodmart_parallax=&#8221;0&#8243; woodmart_gradient_switch=&#8221;no&#8221; woodmart_disable_overflow=&#8221;0&#8243; woodmart_css_id=&#8221;6251f3308a917&#8243; woodmart_box_shadow=&#8221;no&#8221; wd_z_index=&#8221;no&#8221;][vc_row][vc_column][vc_empty_space height=&#8221;40px&#8221; woodmart_hide_large=&#8221;0&#8243; woodmart_hide_medium=&#8221;0&#8243; woodmart_hide_small=&#8221;0&#8243; woodmart_hide_extra_small=&#8221;0&#8243;][vc_row_inner][vc_column_inner<\/p>\n","protected":false},"author":1,"featured_media":0,"parent":0,"menu_order":0,"comment_status":"closed","ping_status":"closed","template":"","meta":{"_joinchat":{"view":"no"},"footnotes":""},"folder":[85],"class_list":["post-3647","page","type-page","status-publish","hentry"],"yoast_head":"<!-- This site is optimized with the Yoast SEO plugin v25.4 - https:\/\/yoast.com\/wordpress\/plugins\/seo\/ -->\n<title>Tips locatario contra devoluci\u00f3n - Rentennials<\/title>\n<meta name=\"robots\" content=\"index, follow, max-snippet:-1, max-image-preview:large, max-video-preview:-1\" \/>\n<link rel=\"canonical\" href=\"https:\/\/blog.rentennials.app\/pt\/tips-locatario-contra-devolucion\/\" \/>\n<meta property=\"og:locale\" content=\"pt_BR\" \/>\n<meta property=\"og:locale:alternate\" content=\"es_ES\" \/>\n<meta property=\"og:locale:alternate\" content=\"en_US\" \/>\n<meta property=\"og:type\" content=\"article\" \/>\n<meta property=\"og:title\" content=\"Tips locatario contra devoluci\u00f3n\" \/>\n<meta property=\"og:description\" content=\"[vc_section full_width=&#8221;stretch_row&#8221; css=&#8221;.vc_custom_1649537850784{margin-top: -40px !important;margin-bottom: -40px !important;}&#8221; mobile_bg_img_hidden=&#8221;no&#8221; tablet_bg_img_hidden=&#8221;no&#8221; woodmart_parallax=&#8221;0&#8243; woodmart_gradient_switch=&#8221;no&#8221; woodmart_disable_overflow=&#8221;0&#8243; woodmart_css_id=&#8221;6251f3308a917&#8243; woodmart_box_shadow=&#8221;no&#8221; wd_z_index=&#8221;no&#8221;][vc_row][vc_column][vc_empty_space height=&#8221;40px&#8221; woodmart_hide_large=&#8221;0&#8243; woodmart_hide_medium=&#8221;0&#8243; woodmart_hide_small=&#8221;0&#8243; woodmart_hide_extra_small=&#8221;0&#8243;][vc_row_inner][vc_column_inner\" \/>\n<meta property=\"og:url\" content=\"https:\/\/blog.rentennials.app\/pt\/tips-locatario-contra-devolucion\/\" \/>\n<meta property=\"og:site_name\" content=\"Rentennials\" \/>\n<meta property=\"article:publisher\" content=\"https:\/\/www.facebook.com\/Rentennials\" \/>\n<meta property=\"article:modified_time\" content=\"2024-01-11T18:02:17+00:00\" \/>\n<meta property=\"og:image\" content=\"https:\/\/blog.rentennials.app\/wp-content\/uploads\/2022\/04\/tarjeta_verde-300x300.gif\" \/>\n<meta name=\"twitter:card\" content=\"summary_large_image\" \/>\n<meta name=\"twitter:label1\" content=\"Est. tempo de leitura\" \/>\n\t<meta name=\"twitter:data1\" content=\"3 minutos\" \/>\n<script type=\"application\/ld+json\" class=\"yoast-schema-graph\">{\"@context\":\"https:\/\/schema.org\",\"@graph\":[{\"@type\":\"WebPage\",\"@id\":\"https:\/\/blog.rentennials.app\/tips-locatario-contra-devolucion\/\",\"url\":\"https:\/\/blog.rentennials.app\/tips-locatario-contra-devolucion\/\",\"name\":\"Tips locatario contra devoluci\u00f3n\",\"isPartOf\":{\"@id\":\"https:\/\/blog.rentennials.app\/#website\"},\"primaryImageOfPage\":{\"@id\":\"https:\/\/blog.rentennials.app\/tips-locatario-contra-devolucion\/#primaryimage\"},\"image\":{\"@id\":\"https:\/\/blog.rentennials.app\/tips-locatario-contra-devolucion\/#primaryimage\"},\"thumbnailUrl\":\"https:\/\/blog.rentennials.app\/wp-content\/uploads\/2022\/04\/tarjeta_verde-300x300.gif\",\"datePublished\":\"2022-04-10T22:46:53+00:00\",\"dateModified\":\"2024-01-11T18:02:17+00:00\",\"breadcrumb\":{\"@id\":\"https:\/\/blog.rentennials.app\/tips-locatario-contra-devolucion\/#breadcrumb\"},\"inLanguage\":\"pt-BR\",\"potentialAction\":[{\"@type\":\"ReadAction\",\"target\":[\"https:\/\/blog.rentennials.app\/tips-locatario-contra-devolucion\/\"]}]},{\"@type\":\"ImageObject\",\"inLanguage\":\"pt-BR\",\"@id\":\"https:\/\/blog.rentennials.app\/tips-locatario-contra-devolucion\/#primaryimage\",\"url\":\"https:\/\/blog.rentennials.app\/wp-content\/uploads\/2022\/04\/tarjeta_verde-300x300.gif\",\"contentUrl\":\"https:\/\/blog.rentennials.app\/wp-content\/uploads\/2022\/04\/tarjeta_verde-300x300.gif\"},{\"@type\":\"BreadcrumbList\",\"@id\":\"https:\/\/blog.rentennials.app\/tips-locatario-contra-devolucion\/#breadcrumb\",\"itemListElement\":[{\"@type\":\"ListItem\",\"position\":1,\"name\":\"Portada\",\"item\":\"https:\/\/blog.rentennials.app\/\"},{\"@type\":\"ListItem\",\"position\":2,\"name\":\"Tips locatario contra devoluci\u00f3n\"}]},{\"@type\":\"WebSite\",\"@id\":\"https:\/\/blog.rentennials.app\/#website\",\"url\":\"https:\/\/blog.rentennials.app\/\",\"name\":\"Rentennials\",\"description\":\"Rent a Car de anfitriones locales \u2502 Car sharing\",\"publisher\":{\"@id\":\"https:\/\/blog.rentennials.app\/#organization\"},\"alternateName\":\"rentenials\",\"potentialAction\":[{\"@type\":\"SearchAction\",\"target\":{\"@type\":\"EntryPoint\",\"urlTemplate\":\"https:\/\/blog.rentennials.app\/?s={search_term_string}\"},\"query-input\":{\"@type\":\"PropertyValueSpecification\",\"valueRequired\":true,\"valueName\":\"search_term_string\"}}],\"inLanguage\":\"pt-BR\"},{\"@type\":\"Organization\",\"@id\":\"https:\/\/blog.rentennials.app\/#organization\",\"name\":\"Rentennials\",\"url\":\"https:\/\/blog.rentennials.app\/\",\"logo\":{\"@type\":\"ImageObject\",\"inLanguage\":\"pt-BR\",\"@id\":\"https:\/\/blog.rentennials.app\/#\/schema\/logo\/image\/\",\"url\":\"https:\/\/blog.rentennials.app\/wp-content\/uploads\/2022\/02\/Logo_Color.png\",\"contentUrl\":\"https:\/\/blog.rentennials.app\/wp-content\/uploads\/2022\/02\/Logo_Color.png\",\"width\":889,\"height\":543,\"caption\":\"Rentennials\"},\"image\":{\"@id\":\"https:\/\/blog.rentennials.app\/#\/schema\/logo\/image\/\"},\"sameAs\":[\"https:\/\/www.facebook.com\/Rentennials\",\"https:\/\/www.instagram.com\/rentennials.app\/\"]}]}<\/script>\n<!-- \/ Yoast SEO plugin. -->","yoast_head_json":{"title":"Tips locatario contra devoluci\u00f3n - Rentennials","robots":{"index":"index","follow":"follow","max-snippet":"max-snippet:-1","max-image-preview":"max-image-preview:large","max-video-preview":"max-video-preview:-1"},"canonical":"https:\/\/blog.rentennials.app\/pt\/tips-locatario-contra-devolucion\/","og_locale":"pt_BR","og_type":"article","og_title":"[:es]Tips locatario contra devoluci\u00f3n[:] - Rentennials","og_description":"[vc_section full_width=&#8221;stretch_row&#8221; css=&#8221;.vc_custom_1649537850784{margin-top: -40px !important;margin-bottom: -40px !important;}&#8221; mobile_bg_img_hidden=&#8221;no&#8221; tablet_bg_img_hidden=&#8221;no&#8221; woodmart_parallax=&#8221;0&#8243; woodmart_gradient_switch=&#8221;no&#8221; woodmart_disable_overflow=&#8221;0&#8243; woodmart_css_id=&#8221;6251f3308a917&#8243; woodmart_box_shadow=&#8221;no&#8221; wd_z_index=&#8221;no&#8221;][vc_row][vc_column][vc_empty_space height=&#8221;40px&#8221; woodmart_hide_large=&#8221;0&#8243; woodmart_hide_medium=&#8221;0&#8243; woodmart_hide_small=&#8221;0&#8243; woodmart_hide_extra_small=&#8221;0&#8243;][vc_row_inner][vc_column_inner","og_url":"https:\/\/blog.rentennials.app\/pt\/tips-locatario-contra-devolucion\/","og_site_name":"Rentennials","article_publisher":"https:\/\/www.facebook.com\/Rentennials","article_modified_time":"2024-01-11T18:02:17+00:00","og_image":[{"url":"https:\/\/blog.rentennials.app\/wp-content\/uploads\/2022\/04\/tarjeta_verde-300x300.gif","type":"","width":"","height":""}],"twitter_card":"summary_large_image","twitter_misc":{"Est. tempo de leitura":"3 minutos"},"schema":{"@context":"https:\/\/schema.org","@graph":[{"@type":"WebPage","@id":"https:\/\/blog.rentennials.app\/tips-locatario-contra-devolucion\/","url":"https:\/\/blog.rentennials.app\/tips-locatario-contra-devolucion\/","name":"Tips locatario contra devoluci\u00f3n","isPartOf":{"@id":"https:\/\/blog.rentennials.app\/#website"},"primaryImageOfPage":{"@id":"https:\/\/blog.rentennials.app\/tips-locatario-contra-devolucion\/#primaryimage"},"image":{"@id":"https:\/\/blog.rentennials.app\/tips-locatario-contra-devolucion\/#primaryimage"},"thumbnailUrl":"https:\/\/blog.rentennials.app\/wp-content\/uploads\/2022\/04\/tarjeta_verde-300x300.gif","datePublished":"2022-04-10T22:46:53+00:00","dateModified":"2024-01-11T18:02:17+00:00","breadcrumb":{"@id":"https:\/\/blog.rentennials.app\/tips-locatario-contra-devolucion\/#breadcrumb"},"inLanguage":"pt-BR","potentialAction":[{"@type":"ReadAction","target":["https:\/\/blog.rentennials.app\/tips-locatario-contra-devolucion\/"]}]},{"@type":"ImageObject","inLanguage":"pt-BR","@id":"https:\/\/blog.rentennials.app\/tips-locatario-contra-devolucion\/#primaryimage","url":"https:\/\/blog.rentennials.app\/wp-content\/uploads\/2022\/04\/tarjeta_verde-300x300.gif","contentUrl":"https:\/\/blog.rentennials.app\/wp-content\/uploads\/2022\/04\/tarjeta_verde-300x300.gif"},{"@type":"BreadcrumbList","@id":"https:\/\/blog.rentennials.app\/tips-locatario-contra-devolucion\/#breadcrumb","itemListElement":[{"@type":"ListItem","position":1,"name":"Portada","item":"https:\/\/blog.rentennials.app\/"},{"@type":"ListItem","position":2,"name":"Tips locatario contra devoluci\u00f3n"}]},{"@type":"WebSite","@id":"https:\/\/blog.rentennials.app\/#website","url":"https:\/\/blog.rentennials.app\/","name":"Rentennials","description":"Rent a Car de anfitriones locales \u2502 Car sharing","publisher":{"@id":"https:\/\/blog.rentennials.app\/#organization"},"alternateName":"rentenials","potentialAction":[{"@type":"SearchAction","target":{"@type":"EntryPoint","urlTemplate":"https:\/\/blog.rentennials.app\/?s={search_term_string}"},"query-input":{"@type":"PropertyValueSpecification","valueRequired":true,"valueName":"search_term_string"}}],"inLanguage":"pt-BR"},{"@type":"Organization","@id":"https:\/\/blog.rentennials.app\/#organization","name":"Rentennials","url":"https:\/\/blog.rentennials.app\/","logo":{"@type":"ImageObject","inLanguage":"pt-BR","@id":"https:\/\/blog.rentennials.app\/#\/schema\/logo\/image\/","url":"https:\/\/blog.rentennials.app\/wp-content\/uploads\/2022\/02\/Logo_Color.png","contentUrl":"https:\/\/blog.rentennials.app\/wp-content\/uploads\/2022\/02\/Logo_Color.png","width":889,"height":543,"caption":"Rentennials"},"image":{"@id":"https:\/\/blog.rentennials.app\/#\/schema\/logo\/image\/"},"sameAs":["https:\/\/www.facebook.com\/Rentennials","https:\/\/www.instagram.com\/rentennials.app\/"]}]}},"_links":{"self":[{"href":"https:\/\/blog.rentennials.app\/pt\/wp-json\/wp\/v2\/pages\/3647","targetHints":{"allow":["GET"]}}],"collection":[{"href":"https:\/\/blog.rentennials.app\/pt\/wp-json\/wp\/v2\/pages"}],"about":[{"href":"https:\/\/blog.rentennials.app\/pt\/wp-json\/wp\/v2\/types\/page"}],"author":[{"embeddable":true,"href":"https:\/\/blog.rentennials.app\/pt\/wp-json\/wp\/v2\/users\/1"}],"replies":[{"embeddable":true,"href":"https:\/\/blog.rentennials.app\/pt\/wp-json\/wp\/v2\/comments?post=3647"}],"version-history":[{"count":0,"href":"https:\/\/blog.rentennials.app\/pt\/wp-json\/wp\/v2\/pages\/3647\/revisions"}],"wp:attachment":[{"href":"https:\/\/blog.rentennials.app\/pt\/wp-json\/wp\/v2\/media?parent=3647"}],"wp:term":[{"taxonomy":"folder","embeddable":true,"href":"https:\/\/blog.rentennials.app\/pt\/wp-json\/wp\/v2\/folder?post=3647"}],"curies":[{"name":"wp","href":"https:\/\/api.w.org\/{rel}","templated":true}]}}