{"id":7839,"date":"2024-02-02T11:46:03","date_gmt":"2024-02-02T11:46:03","guid":{"rendered":"https:\/\/blog.rentennials.app\/?page_id=7839"},"modified":"2024-02-02T11:49:35","modified_gmt":"2024-02-02T11:49:35","slug":"mensajes-push","status":"publish","type":"page","link":"https:\/\/blog.rentennials.app\/en\/mensajes-push\/","title":{"rendered":"Banner Mensajes Push"},"content":{"rendered":"<p>[vc_row woodmart_css_id=&#8221;65b038d4339d1&#8243; mobile_bg_img_hidden=&#8221;no&#8221; tablet_bg_img_hidden=&#8221;no&#8221; woodmart_parallax=&#8221;0&#8243; woodmart_gradient_switch=&#8221;no&#8221; woodmart_box_shadow=&#8221;no&#8221; wd_z_index=&#8221;no&#8221; woodmart_disable_overflow=&#8221;0&#8243; row_reverse_mobile=&#8221;0&#8243; row_reverse_tablet=&#8221;0&#8243;][vc_column]\n\t\t\t<!-- START Promos Push REVOLUTION SLIDER 6.5.9 --><p class=\"rs-p-wp-fix\"><\/p>\n\t\t\t<rs-module-wrap id=\"rev_slider_154_1_wrapper\" data-source=\"gallery\" style=\"visibility:hidden;background:transparent;padding:0;margin:0px auto;margin-top:0;margin-bottom:0;\">\n\t\t\t\t<rs-module id=\"rev_slider_154_1\" style=\"\" data-version=\"6.5.9\">\n\t\t\t\t\t<rs-slides>\n\t\t\t\t\t\t<rs-slide style=\"position: absolute;\" data-key=\"rs-638\" data-title=\"Hotsale\" data-in=\"o:0;\" data-out=\"a:false;\">\n\t\t\t\t\t\t\t<img decoding=\"async\" src=\"\/\/blog.rentennials.app\/wp-content\/plugins\/revslider\/public\/assets\/assets\/dummy.png\" title=\"Rentennials-HotSale\" width=\"1080\" height=\"1920\" class=\"rev-slidebg tp-rs-img rs-lazyload\" data-lazyload=\"\/\/blog.rentennials.app\/wp-content\/uploads\/2024\/05\/Rentennials-HotSale.jpg\" data-no-retina>\n<!--\n\t\t\t\t\t\t\t--><rs-layer\n\t\t\t\t\t\t\t\tid=\"slider-154-slide-638-layer-0\" \n\t\t\t\t\t\t\t\tdata-type=\"shape\"\n\t\t\t\t\t\t\t\tdata-rsp_ch=\"on\"\n\t\t\t\t\t\t\t\tdata-xy=\"x:c;y:c;yo:-79px;\"\n\t\t\t\t\t\t\t\tdata-text=\"w:normal;\"\n\t\t\t\t\t\t\t\tdata-dim=\"w:399;h:466px;\"\n\t\t\t\t\t\t\t\tdata-border=\"bor:40px,40px,40px,40px;\"\n\t\t\t\t\t\t\t\tdata-frame_999=\"o:0;st:w;sR:8700;\"\n\t\t\t\t\t\t\t\tstyle=\"z-index:8;background-color:#ffffff;\"\n\t\t\t\t\t\t\t> \n\t\t\t\t\t\t\t<\/rs-layer><!--\n\n\t\t\t\t\t\t\t--><rs-layer\n\t\t\t\t\t\t\t\tid=\"slider-154-slide-638-layer-1\" \n\t\t\t\t\t\t\t\tdata-type=\"image\"\n\t\t\t\t\t\t\t\tdata-rsp_ch=\"on\"\n\t\t\t\t\t\t\t\tdata-xy=\"x:206px;y:-9px;\"\n\t\t\t\t\t\t\t\tdata-text=\"w:normal;\"\n\t\t\t\t\t\t\t\tdata-dim=\"w:480px;h:480px;\"\n\t\t\t\t\t\t\t\tdata-frame_0=\"x:50;\"\n\t\t\t\t\t\t\t\tdata-frame_1=\"st:480;sp:1820;sR:480;\"\n\t\t\t\t\t\t\t\tdata-frame_999=\"o:0;st:w;sR:6700;\"\n\t\t\t\t\t\t\t\tstyle=\"z-index:11;\"\n\t\t\t\t\t\t\t><img decoding=\"async\" src=\"\/\/blog.rentennials.app\/wp-content\/plugins\/revslider\/public\/assets\/assets\/dummy.png\" class=\"tp-rs-img rs-lazyload\" width=\"1920\" height=\"1920\" data-lazyload=\"\/\/blog.rentennials.app\/wp-content\/uploads\/2024\/05\/1.webp\" data-no-retina> \n\t\t\t\t\t\t\t<\/rs-layer><!--\n\n\t\t\t\t\t\t\t--><rs-layer\n\t\t\t\t\t\t\t\tid=\"slider-154-slide-638-layer-3\" \n\t\t\t\t\t\t\t\tdata-type=\"image\"\n\t\t\t\t\t\t\t\tdata-rsp_ch=\"on\"\n\t\t\t\t\t\t\t\tdata-xy=\"x:191px;y:547px;\"\n\t\t\t\t\t\t\t\tdata-text=\"w:normal;\"\n\t\t\t\t\t\t\t\tdata-dim=\"w:108px;h:108px;\"\n\t\t\t\t\t\t\t\tdata-frame_0=\"sX:0.9;sY:0.9;\"\n\t\t\t\t\t\t\t\tdata-frame_1=\"st:1080;sp:1800;sR:1080;\"\n\t\t\t\t\t\t\t\tdata-frame_999=\"o:0;st:w;sR:6120;\"\n\t\t\t\t\t\t\t\tstyle=\"z-index:10;\"\n\t\t\t\t\t\t\t><img decoding=\"async\" src=\"\/\/blog.rentennials.app\/wp-content\/plugins\/revslider\/public\/assets\/assets\/dummy.png\" class=\"tp-rs-img rs-lazyload\" width=\"49\" height=\"49\" data-lazyload=\"\/\/blog.rentennials.app\/wp-content\/uploads\/2022\/02\/Iso_Light.svg\" data-no-retina> \n\t\t\t\t\t\t\t<\/rs-layer><!--\n\n\t\t\t\t\t\t\t--><rs-layer\n\t\t\t\t\t\t\t\tid=\"slider-154-slide-638-layer-4\" \n\t\t\t\t\t\t\t\tdata-type=\"text\"\n\t\t\t\t\t\t\t\tdata-color=\"#ff3a2d\"\n\t\t\t\t\t\t\t\tdata-rsp_ch=\"on\"\n\t\t\t\t\t\t\t\tdata-xy=\"x:68px;y:76px;\"\n\t\t\t\t\t\t\t\tdata-text=\"w:normal;s:46;l:41;\"\n\t\t\t\t\t\t\t\tdata-dim=\"w:301;\"\n\t\t\t\t\t\t\t\tdata-frame_0=\"y:50;\"\n\t\t\t\t\t\t\t\tdata-frame_1=\"st:190;sp:1000;sR:190;\"\n\t\t\t\t\t\t\t\tdata-frame_999=\"o:0;st:w;sR:7810;\"\n\t\t\t\t\t\t\t\tstyle=\"z-index:15;font-family:'Bree Serif';\"\n\t\t\t\t\t\t\t>15%OFF SOLO POR HOY! \n\t\t\t\t\t\t\t<\/rs-layer><!--\n\n\t\t\t\t\t\t\t--><rs-layer\n\t\t\t\t\t\t\t\tid=\"slider-154-slide-638-layer-5\" \n\t\t\t\t\t\t\t\tdata-type=\"text\"\n\t\t\t\t\t\t\t\tdata-color=\"#7a7a7a\"\n\t\t\t\t\t\t\t\tdata-rsp_ch=\"on\"\n\t\t\t\t\t\t\t\tdata-xy=\"x:71px;y:180px;\"\n\t\t\t\t\t\t\t\tdata-text=\"w:normal;s:24;l:24;\"\n\t\t\t\t\t\t\t\tdata-dim=\"w:198px;\"\n\t\t\t\t\t\t\t\tdata-frame_0=\"y:42px;\"\n\t\t\t\t\t\t\t\tdata-frame_1=\"st:410;sp:1000;sR:410;\"\n\t\t\t\t\t\t\t\tdata-frame_999=\"o:0;st:w;sR:7590;\"\n\t\t\t\t\t\t\t\tstyle=\"z-index:14;font-family:'Bree Serif';\"\n\t\t\t\t\t\t\t>Aprovecha el HOTSALE y aplica el siguiente cup\u00f3n, disponible para cualquiera de nuestros destinos! \n\t\t\t\t\t\t\t<\/rs-layer><!--\n\n\t\t\t\t\t\t\t--><rs-layer\n\t\t\t\t\t\t\t\tid=\"slider-154-slide-638-layer-6\" \n\t\t\t\t\t\t\t\tclass=\"rev-btn\"\n\t\t\t\t\t\t\t\tdata-type=\"button\"\n\t\t\t\t\t\t\t\tdata-color=\"#ffffff\"\n\t\t\t\t\t\t\t\tdata-rsp_ch=\"on\"\n\t\t\t\t\t\t\t\tdata-xy=\"x:70px;y:413px;\"\n\t\t\t\t\t\t\t\tdata-text=\"w:normal;s:23;l:54;\"\n\t\t\t\t\t\t\t\tdata-dim=\"minh:0;\"\n\t\t\t\t\t\t\t\tdata-padding=\"r:34;l:34;\"\n\t\t\t\t\t\t\t\tdata-border=\"bor:25px,25px,25px,25px;\"\n\t\t\t\t\t\t\t\tdata-frame_0=\"y:50;\"\n\t\t\t\t\t\t\t\tdata-frame_1=\"st:880;sp:1000;sR:880;\"\n\t\t\t\t\t\t\t\tdata-frame_999=\"o:0;st:w;sR:7120;\"\n\t\t\t\t\t\t\t\tdata-frame_hover=\"bgc:#007aff;bor:25px,25px,25px,25px;bri:120%;\"\n\t\t\t\t\t\t\t\tstyle=\"z-index:12;background-color:#ff3a2d;font-family:'Bree Serif';\"\n\t\t\t\t\t\t\t>Cup\u00f3n: SALE15 \n\t\t\t\t\t\t\t<\/rs-layer><!--\n\n\t\t\t\t\t\t\t--><rs-layer\n\t\t\t\t\t\t\t\tid=\"slider-154-slide-638-layer-7\" \n\t\t\t\t\t\t\t\tdata-type=\"text\"\n\t\t\t\t\t\t\t\tdata-color=\"#ff5499\"\n\t\t\t\t\t\t\t\tdata-rsp_ch=\"on\"\n\t\t\t\t\t\t\t\tdata-xy=\"x:72px;y:352px;\"\n\t\t\t\t\t\t\t\tdata-text=\"w:normal;s:19;l:18;\"\n\t\t\t\t\t\t\t\tdata-dim=\"w:166px;\"\n\t\t\t\t\t\t\t\tdata-frame_0=\"y:50;\"\n\t\t\t\t\t\t\t\tdata-frame_1=\"st:580;sp:1000;sR:580;\"\n\t\t\t\t\t\t\t\tdata-frame_999=\"o:0;st:w;sR:7420;\"\n\t\t\t\t\t\t\t\tstyle=\"z-index:13;font-family:'Bree Serif';\"\n\t\t\t\t\t\t\t>*V\u00e1lido hasta el 15 de MAYO \n\t\t\t\t\t\t\t<\/rs-layer><!--\n-->\t\t\t\t\t\t<\/rs-slide>\n\t\t\t\t\t<\/rs-slides>\n\t\t\t\t<\/rs-module>\n\t\t\t\t<script type=\"text\/javascript\">\n\t\t\t\t\tsetREVStartSize({c: 'rev_slider_154_1',rl:[1240,1024,778,480],el:[700],gw:[480],gh:[700],type:'hero',justify:'',layout:'fullwidth',mh:\"0\"});if (window.RS_MODULES!==undefined && window.RS_MODULES.modules!==undefined && window.RS_MODULES.modules[\"revslider1541\"]!==undefined) {window.RS_MODULES.modules[\"revslider1541\"].once = false;window.revapi154 = undefined;if (window.RS_MODULES.checkMinimal!==undefined) window.RS_MODULES.checkMinimal()}\n\t\t\t\t<\/script>\n\t\t\t<\/rs-module-wrap>\n\t\t\t<!-- END REVOLUTION SLIDER -->\n[\/vc_column][\/vc_row][vc_row][vc_column][vc_empty_space height=&#8221;40px&#8221; woodmart_hide_large=&#8221;0&#8243; woodmart_hide_medium=&#8221;0&#8243; woodmart_hide_small=&#8221;0&#8243;][vc_row_inner][vc_column_inner width=&#8221;1\/3&#8243;][\/vc_column_inner][vc_column_inner width=&#8221;1\/3&#8243;][vc_column_text woodmart_inline=&#8221;no&#8221; text_larger=&#8221;no&#8221;]Este anuncio es proporcionado \u00fanicamente con fines informativos y promocionales. La participaci\u00f3n en cualquier oferta promocional est\u00e1 sujeta a los t\u00e9rminos y condiciones detallados por el anunciante. Al participar, usted acepta cumplir con dichos t\u00e9rminos y condiciones, as\u00ed como con todas las leyes y regulaciones aplicables.[\/vc_column_text][\/vc_column_inner][vc_column_inner width=&#8221;1\/3&#8243;][\/vc_column_inner][\/vc_row_inner][\/vc_column][\/vc_row]<\/p>\n","protected":false},"excerpt":{"rendered":"<p>[vc_row woodmart_css_id=&#8221;65b038d4339d1&#8243; mobile_bg_img_hidden=&#8221;no&#8221; tablet_bg_img_hidden=&#8221;no&#8221; woodmart_parallax=&#8221;0&#8243; woodmart_gradient_switch=&#8221;no&#8221; woodmart_box_shadow=&#8221;no&#8221; wd_z_index=&#8221;no&#8221; woodmart_disable_overflow=&#8221;0&#8243; row_reverse_mobile=&#8221;0&#8243; row_reverse_tablet=&#8221;0&#8243;][vc_column][\/vc_column][\/vc_row][vc_row][vc_column][vc_empty_space height=&#8221;40px&#8221; woodmart_hide_large=&#8221;0&#8243; woodmart_hide_medium=&#8221;0&#8243; woodmart_hide_small=&#8221;0&#8243;][vc_row_inner][vc_column_inner width=&#8221;1\/3&#8243;][\/vc_column_inner][vc_column_inner width=&#8221;1\/3&#8243;][vc_column_text woodmart_inline=&#8221;no&#8221; text_larger=&#8221;no&#8221;]Este anuncio<\/p>\n","protected":false},"author":1,"featured_media":0,"parent":0,"menu_order":0,"comment_status":"closed","ping_status":"closed","template":"","meta":{"_joinchat":{"view":"no"},"footnotes":""},"folder":[90],"class_list":["post-7839","page","type-page","status-publish","hentry"],"yoast_head":"<!-- This site is optimized with the Yoast SEO plugin v25.4 - https:\/\/yoast.com\/wordpress\/plugins\/seo\/ -->\n<title>Banner Mensajes Push - Rentennials<\/title>\n<meta name=\"robots\" content=\"index, follow, max-snippet:-1, max-image-preview:large, max-video-preview:-1\" \/>\n<link rel=\"canonical\" href=\"https:\/\/blog.rentennials.app\/en\/mensajes-push\/\" \/>\n<meta property=\"og:locale\" content=\"en_US\" \/>\n<meta property=\"og:locale:alternate\" content=\"es_ES\" \/>\n<meta property=\"og:locale:alternate\" content=\"pt_PT\" \/>\n<meta property=\"og:type\" content=\"article\" \/>\n<meta property=\"og:title\" content=\"Banner Mensajes Push\" \/>\n<meta property=\"og:description\" content=\"[vc_row woodmart_css_id=&#8221;65b038d4339d1&#8243; mobile_bg_img_hidden=&#8221;no&#8221; tablet_bg_img_hidden=&#8221;no&#8221; woodmart_parallax=&#8221;0&#8243; woodmart_gradient_switch=&#8221;no&#8221; woodmart_box_shadow=&#8221;no&#8221; wd_z_index=&#8221;no&#8221; woodmart_disable_overflow=&#8221;0&#8243; row_reverse_mobile=&#8221;0&#8243; row_reverse_tablet=&#8221;0&#8243;][vc_column][\/vc_column][\/vc_row][vc_row][vc_column][vc_empty_space height=&#8221;40px&#8221; woodmart_hide_large=&#8221;0&#8243; woodmart_hide_medium=&#8221;0&#8243; woodmart_hide_small=&#8221;0&#8243;][vc_row_inner][vc_column_inner width=&#8221;1\/3&#8243;][\/vc_column_inner][vc_column_inner width=&#8221;1\/3&#8243;][vc_column_text woodmart_inline=&#8221;no&#8221; text_larger=&#8221;no&#8221;]Este anuncio\" \/>\n<meta property=\"og:url\" content=\"https:\/\/blog.rentennials.app\/en\/mensajes-push\/\" \/>\n<meta property=\"og:site_name\" content=\"Rentennials\" \/>\n<meta property=\"article:publisher\" content=\"https:\/\/www.facebook.com\/Rentennials\" \/>\n<meta property=\"article:modified_time\" content=\"2024-02-02T11:49:35+00:00\" \/>\n<meta property=\"og:image\" content=\"https:\/\/blog.rentennials.app\/wp-content\/uploads\/2023\/10\/Yoast-SEO.jpg\" \/>\n\t<meta property=\"og:image:width\" content=\"1200\" \/>\n\t<meta property=\"og:image:height\" content=\"675\" \/>\n\t<meta property=\"og:image:type\" content=\"image\/jpeg\" \/>\n<meta name=\"twitter:card\" content=\"summary_large_image\" \/>\n<meta name=\"twitter:label1\" content=\"Est. reading time\" \/>\n\t<meta name=\"twitter:data1\" content=\"1 minute\" \/>\n<script type=\"application\/ld+json\" class=\"yoast-schema-graph\">{\"@context\":\"https:\/\/schema.org\",\"@graph\":[{\"@type\":\"WebPage\",\"@id\":\"https:\/\/blog.rentennials.app\/mensajes-push\/\",\"url\":\"https:\/\/blog.rentennials.app\/mensajes-push\/\",\"name\":\"Banner Mensajes Push\",\"isPartOf\":{\"@id\":\"https:\/\/blog.rentennials.app\/#website\"},\"datePublished\":\"2024-02-02T11:46:03+00:00\",\"dateModified\":\"2024-02-02T11:49:35+00:00\",\"breadcrumb\":{\"@id\":\"https:\/\/blog.rentennials.app\/mensajes-push\/#breadcrumb\"},\"inLanguage\":\"en-US\",\"potentialAction\":[{\"@type\":\"ReadAction\",\"target\":[\"https:\/\/blog.rentennials.app\/mensajes-push\/\"]}]},{\"@type\":\"BreadcrumbList\",\"@id\":\"https:\/\/blog.rentennials.app\/mensajes-push\/#breadcrumb\",\"itemListElement\":[{\"@type\":\"ListItem\",\"position\":1,\"name\":\"Portada\",\"item\":\"https:\/\/blog.rentennials.app\/\"},{\"@type\":\"ListItem\",\"position\":2,\"name\":\"Banner Mensajes Push\"}]},{\"@type\":\"WebSite\",\"@id\":\"https:\/\/blog.rentennials.app\/#website\",\"url\":\"https:\/\/blog.rentennials.app\/\",\"name\":\"Rentennials\",\"description\":\"Rent a Car de anfitriones locales \u2502 Car sharing\",\"publisher\":{\"@id\":\"https:\/\/blog.rentennials.app\/#organization\"},\"alternateName\":\"rentenials\",\"potentialAction\":[{\"@type\":\"SearchAction\",\"target\":{\"@type\":\"EntryPoint\",\"urlTemplate\":\"https:\/\/blog.rentennials.app\/?s={search_term_string}\"},\"query-input\":{\"@type\":\"PropertyValueSpecification\",\"valueRequired\":true,\"valueName\":\"search_term_string\"}}],\"inLanguage\":\"en-US\"},{\"@type\":\"Organization\",\"@id\":\"https:\/\/blog.rentennials.app\/#organization\",\"name\":\"Rentennials\",\"url\":\"https:\/\/blog.rentennials.app\/\",\"logo\":{\"@type\":\"ImageObject\",\"inLanguage\":\"en-US\",\"@id\":\"https:\/\/blog.rentennials.app\/#\/schema\/logo\/image\/\",\"url\":\"https:\/\/blog.rentennials.app\/wp-content\/uploads\/2022\/02\/Logo_Color.png\",\"contentUrl\":\"https:\/\/blog.rentennials.app\/wp-content\/uploads\/2022\/02\/Logo_Color.png\",\"width\":889,\"height\":543,\"caption\":\"Rentennials\"},\"image\":{\"@id\":\"https:\/\/blog.rentennials.app\/#\/schema\/logo\/image\/\"},\"sameAs\":[\"https:\/\/www.facebook.com\/Rentennials\",\"https:\/\/www.instagram.com\/rentennials.app\/\"]}]}<\/script>\n<!-- \/ Yoast SEO plugin. -->","yoast_head_json":{"title":"Banner Mensajes Push - Rentennials","robots":{"index":"index","follow":"follow","max-snippet":"max-snippet:-1","max-image-preview":"max-image-preview:large","max-video-preview":"max-video-preview:-1"},"canonical":"https:\/\/blog.rentennials.app\/en\/mensajes-push\/","og_locale":"en_US","og_type":"article","og_title":"[:es]Banner Mensajes Push[:] - Rentennials","og_description":"[vc_row woodmart_css_id=&#8221;65b038d4339d1&#8243; mobile_bg_img_hidden=&#8221;no&#8221; tablet_bg_img_hidden=&#8221;no&#8221; woodmart_parallax=&#8221;0&#8243; woodmart_gradient_switch=&#8221;no&#8221; woodmart_box_shadow=&#8221;no&#8221; wd_z_index=&#8221;no&#8221; woodmart_disable_overflow=&#8221;0&#8243; row_reverse_mobile=&#8221;0&#8243; row_reverse_tablet=&#8221;0&#8243;][vc_column][\/vc_column][\/vc_row][vc_row][vc_column][vc_empty_space height=&#8221;40px&#8221; woodmart_hide_large=&#8221;0&#8243; woodmart_hide_medium=&#8221;0&#8243; woodmart_hide_small=&#8221;0&#8243;][vc_row_inner][vc_column_inner width=&#8221;1\/3&#8243;][\/vc_column_inner][vc_column_inner width=&#8221;1\/3&#8243;][vc_column_text woodmart_inline=&#8221;no&#8221; text_larger=&#8221;no&#8221;]Este anuncio","og_url":"https:\/\/blog.rentennials.app\/en\/mensajes-push\/","og_site_name":"Rentennials","article_publisher":"https:\/\/www.facebook.com\/Rentennials","article_modified_time":"2024-02-02T11:49:35+00:00","og_image":[{"width":1200,"height":675,"url":"https:\/\/blog.rentennials.app\/wp-content\/uploads\/2023\/10\/Yoast-SEO.jpg","type":"image\/jpeg"}],"twitter_card":"summary_large_image","twitter_misc":{"Est. reading time":"1 minute"},"schema":{"@context":"https:\/\/schema.org","@graph":[{"@type":"WebPage","@id":"https:\/\/blog.rentennials.app\/mensajes-push\/","url":"https:\/\/blog.rentennials.app\/mensajes-push\/","name":"Banner Mensajes Push","isPartOf":{"@id":"https:\/\/blog.rentennials.app\/#website"},"datePublished":"2024-02-02T11:46:03+00:00","dateModified":"2024-02-02T11:49:35+00:00","breadcrumb":{"@id":"https:\/\/blog.rentennials.app\/mensajes-push\/#breadcrumb"},"inLanguage":"en-US","potentialAction":[{"@type":"ReadAction","target":["https:\/\/blog.rentennials.app\/mensajes-push\/"]}]},{"@type":"BreadcrumbList","@id":"https:\/\/blog.rentennials.app\/mensajes-push\/#breadcrumb","itemListElement":[{"@type":"ListItem","position":1,"name":"Portada","item":"https:\/\/blog.rentennials.app\/"},{"@type":"ListItem","position":2,"name":"Banner Mensajes Push"}]},{"@type":"WebSite","@id":"https:\/\/blog.rentennials.app\/#website","url":"https:\/\/blog.rentennials.app\/","name":"Rentennials","description":"Rent a Car de anfitriones locales \u2502 Car sharing","publisher":{"@id":"https:\/\/blog.rentennials.app\/#organization"},"alternateName":"rentenials","potentialAction":[{"@type":"SearchAction","target":{"@type":"EntryPoint","urlTemplate":"https:\/\/blog.rentennials.app\/?s={search_term_string}"},"query-input":{"@type":"PropertyValueSpecification","valueRequired":true,"valueName":"search_term_string"}}],"inLanguage":"en-US"},{"@type":"Organization","@id":"https:\/\/blog.rentennials.app\/#organization","name":"Rentennials","url":"https:\/\/blog.rentennials.app\/","logo":{"@type":"ImageObject","inLanguage":"en-US","@id":"https:\/\/blog.rentennials.app\/#\/schema\/logo\/image\/","url":"https:\/\/blog.rentennials.app\/wp-content\/uploads\/2022\/02\/Logo_Color.png","contentUrl":"https:\/\/blog.rentennials.app\/wp-content\/uploads\/2022\/02\/Logo_Color.png","width":889,"height":543,"caption":"Rentennials"},"image":{"@id":"https:\/\/blog.rentennials.app\/#\/schema\/logo\/image\/"},"sameAs":["https:\/\/www.facebook.com\/Rentennials","https:\/\/www.instagram.com\/rentennials.app\/"]}]}},"_links":{"self":[{"href":"https:\/\/blog.rentennials.app\/en\/wp-json\/wp\/v2\/pages\/7839","targetHints":{"allow":["GET"]}}],"collection":[{"href":"https:\/\/blog.rentennials.app\/en\/wp-json\/wp\/v2\/pages"}],"about":[{"href":"https:\/\/blog.rentennials.app\/en\/wp-json\/wp\/v2\/types\/page"}],"author":[{"embeddable":true,"href":"https:\/\/blog.rentennials.app\/en\/wp-json\/wp\/v2\/users\/1"}],"replies":[{"embeddable":true,"href":"https:\/\/blog.rentennials.app\/en\/wp-json\/wp\/v2\/comments?post=7839"}],"version-history":[{"count":0,"href":"https:\/\/blog.rentennials.app\/en\/wp-json\/wp\/v2\/pages\/7839\/revisions"}],"wp:attachment":[{"href":"https:\/\/blog.rentennials.app\/en\/wp-json\/wp\/v2\/media?parent=7839"}],"wp:term":[{"taxonomy":"folder","embeddable":true,"href":"https:\/\/blog.rentennials.app\/en\/wp-json\/wp\/v2\/folder?post=7839"}],"curies":[{"name":"wp","href":"https:\/\/api.w.org\/{rel}","templated":true}]}}