{"id":6216,"date":"2023-08-14T12:30:03","date_gmt":"2023-08-14T12:30:03","guid":{"rendered":"https:\/\/blog.rentennials.app\/?page_id=6216"},"modified":"2023-08-14T12:30:03","modified_gmt":"2023-08-14T12:30:03","slug":"gracias-arg","status":"publish","type":"page","link":"https:\/\/blog.rentennials.app\/en\/gracias-arg\/","title":{"rendered":"Gracias Arg"},"content":{"rendered":"<p>[vc_row full_width=&#8221;stretch_row&#8221; css=&#8221;.vc_custom_1655498130493{margin-top: -50px !important;margin-bottom: -40px !important;background-color: #efefef !important;}&#8221; woodmart_css_id=&#8221;62ace58da2a4a&#8221; mobile_bg_img_hidden=&#8221;no&#8221; tablet_bg_img_hidden=&#8221;no&#8221; woodmart_parallax=&#8221;0&#8243; woodmart_gradient_switch=&#8221;no&#8221; woodmart_box_shadow=&#8221;no&#8221; wd_z_index=&#8221;no&#8221; woodmart_disable_overflow=&#8221;0&#8243; row_reverse_mobile=&#8221;0&#8243; row_reverse_tablet=&#8221;0&#8243;][vc_column][vc_empty_space height=&#8221;40px&#8221; woodmart_hide_large=&#8221;0&#8243; woodmart_hide_medium=&#8221;0&#8243; woodmart_hide_small=&#8221;0&#8243; woodmart_hide_extra_small=&#8221;0&#8243;][vc_row_inner row_reverse_mobile=&#8221;0&#8243; row_reverse_tablet=&#8221;0&#8243;][vc_column_inner width=&#8221;1\/3&#8243;][\/vc_column_inner][vc_column_inner width=&#8221;1\/3&#8243; css=&#8221;.vc_custom_1645545607899{margin-bottom: -20px !important;}&#8221;][vc_single_image source=&#8221;external_link&#8221; external_img_size=&#8221;150&#215;150&#8243; alignment=&#8221;center&#8221; custom_src=&#8221;https:\/\/blog.rentennials.app\/wp-content\/uploads\/2022\/02\/Check.gif&#8221; parallax_scroll=&#8221;no&#8221; woodmart_inline=&#8221;no&#8221;][\/vc_column_inner][vc_column_inner width=&#8221;1\/3&#8243;][\/vc_column_inner][\/vc_row_inner][vc_row_inner][vc_column_inner width=&#8221;1\/6&#8243;][\/vc_column_inner][vc_column_inner width=&#8221;2\/3&#8243;][vc_column_text text_larger=&#8221;no&#8221; woodmart_inline=&#8221;no&#8221;]<\/p>\n<h1 style=\"text-align: center;\"><span style=\"color: #6241d8;\">Gracias por tu contactarnos<\/span><\/h1>\n<p>[\/vc_column_text][vc_column_text text_larger=&#8221;no&#8221; woodmart_inline=&#8221;no&#8221;]<\/p>\n<h4 style=\"text-align: center;\">Nuestro equipo de soporte se pondr\u00e1 en contacto muy pronto. Te invitamos a comunicarte tambi\u00e9n a trav\u00e9s de nuestro whatsapp +54 9 (261) 3860621<\/h4>\n<p>[\/vc_column_text][\/vc_column_inner][vc_column_inner width=&#8221;1\/6&#8243;][\/vc_column_inner][\/vc_row_inner][vc_empty_space height=&#8221;20px&#8221; woodmart_hide_large=&#8221;0&#8243; woodmart_hide_medium=&#8221;0&#8243; woodmart_hide_small=&#8221;0&#8243; woodmart_hide_extra_small=&#8221;0&#8243;][vc_row_inner][vc_column_inner width=&#8221;1\/6&#8243;][\/vc_column_inner][vc_column_inner width=&#8221;2\/3&#8243;][vc_column_text text_larger=&#8221;no&#8221; woodmart_inline=&#8221;no&#8221;]<\/p>\n<h2 style=\"text-align: center;\"><span style=\"color: #6241d8;\">S\u00edguenos en las redes<\/span><\/h2>\n<p>[\/vc_column_text][vc_column_text text_larger=&#8221;no&#8221;]<\/p>\n<p style=\"text-align: center;\">Ent\u00e9rate de todas las novedades en nuestras redes y accede a historias, tips e informaci\u00f3n \u00fatil para emprender tu propia Rent a Car con nosotros.<\/p>\n<p>[\/vc_column_text]\t\t\t<link rel=\"stylesheet\" id=\"wd-social-icons-css\" href=\"https:\/\/blog.rentennials.app\/wp-content\/themes\/woodmart\/css\/parts\/el-social-icons.min.css?ver=7.2.4\" type=\"text\/css\" media=\"all\" \/> \t\t\t\n\t\t\t<div class=\"wd-social-icons  icons-design-colored icons-size-default color-scheme-dark social-follow social-form-circle text-center\">\n\n\t\t\t\t\n\t\t\t\t\t\t\t\t\t<a rel=\"noopener noreferrer nofollow\" href=\"https:\/\/www.facebook.com\/Rentennials\" target=\"_blank\" class=\" wd-social-icon social-facebook\" aria-label=\"Facebook social link\">\n\t\t\t\t\t\t<span class=\"wd-icon\"><\/span>\n\t\t\t\t\t\t\t\t\t\t\t<\/a>\n\t\t\t\t\n\t\t\t\t\n\t\t\t\t\n\t\t\t\t\t\t\t\t\t<a rel=\"noopener noreferrer nofollow\" href=\"https:\/\/www.instagram.com\/rentennials.app\/\" target=\"_blank\" class=\" wd-social-icon social-instagram\" aria-label=\"Instagram social link\">\n\t\t\t\t\t\t<span class=\"wd-icon\"><\/span>\n\t\t\t\t\t\t\t\t\t\t\t<\/a>\n\t\t\t\t\n\t\t\t\t\n\t\t\t\t\n\t\t\t\t\n\t\t\t\t\t\t\t\t\t<a rel=\"noopener noreferrer nofollow\" href=\"https:\/\/www.linkedin.com\/company\/rentennials-app\/\" target=\"_blank\" class=\" wd-social-icon social-linkedin\" aria-label=\"Linkedin social link\">\n\t\t\t\t\t\t<span class=\"wd-icon\"><\/span>\n\t\t\t\t\t\t\t\t\t\t\t<\/a>\n\t\t\t\t\n\t\t\t\t\n\t\t\t\t\n\t\t\t\t\n\t\t\t\t\n\t\t\t\t\n\t\t\t\t\n\t\t\t\t\n\t\t\t\t\n\t\t\t\t\n\t\t\t\t\t\t\t\t\n\t\t\t\t\t\t\t\t\n\t\t\t\t\t\t\t\t\t<a rel=\"noopener noreferrer nofollow\" href=\"https:\/\/www.tiktok.com\/@rentennials.app\" target=\"_blank\" class=\" wd-social-icon social-tiktok\" aria-label=\"TikTok social link\">\n\t\t\t\t\t\t<span class=\"wd-icon\"><\/span>\n\t\t\t\t\t\t\t\t\t\t\t<\/a>\n\t\t\t\t\n\t\t\t\t\t\t\t\t\n\t\t\t\t\n\t\t\t<\/div>\n\n\t\t[\/vc_column_inner][vc_column_inner width=&#8221;1\/6&#8243;][\/vc_column_inner][\/vc_row_inner][vc_empty_space height=&#8221;100px&#8221; woodmart_hide_large=&#8221;0&#8243; woodmart_hide_medium=&#8221;0&#8243; woodmart_hide_small=&#8221;0&#8243; woodmart_hide_extra_small=&#8221;0&#8243;][\/vc_column][\/vc_row]<\/p>\n","protected":false},"excerpt":{"rendered":"<p>[vc_row full_width=&#8221;stretch_row&#8221; css=&#8221;.vc_custom_1655498130493{margin-top: -50px !important;margin-bottom: -40px !important;background-color: #efefef !important;}&#8221; woodmart_css_id=&#8221;62ace58da2a4a&#8221; mobile_bg_img_hidden=&#8221;no&#8221; tablet_bg_img_hidden=&#8221;no&#8221; woodmart_parallax=&#8221;0&#8243; woodmart_gradient_switch=&#8221;no&#8221; woodmart_box_shadow=&#8221;no&#8221; wd_z_index=&#8221;no&#8221; woodmart_disable_overflow=&#8221;0&#8243; row_reverse_mobile=&#8221;0&#8243; row_reverse_tablet=&#8221;0&#8243;][vc_column][vc_empty_space height=&#8221;40px&#8221;<\/p>\n","protected":false},"author":1,"featured_media":0,"parent":0,"menu_order":0,"comment_status":"closed","ping_status":"closed","template":"","meta":{"_joinchat":[],"footnotes":""},"folder":[87],"class_list":["post-6216","page","type-page","status-publish","hentry"],"yoast_head":"<!-- This site is optimized with the Yoast SEO plugin v25.4 - https:\/\/yoast.com\/wordpress\/plugins\/seo\/ -->\n<title>Gracias Arg - Rentennials<\/title>\n<meta name=\"robots\" content=\"index, follow, max-snippet:-1, max-image-preview:large, max-video-preview:-1\" \/>\n<link rel=\"canonical\" href=\"https:\/\/blog.rentennials.app\/en\/gracias-arg\/\" \/>\n<meta property=\"og:locale\" content=\"en_US\" \/>\n<meta property=\"og:locale:alternate\" content=\"es_ES\" \/>\n<meta property=\"og:locale:alternate\" content=\"pt_PT\" \/>\n<meta property=\"og:type\" content=\"article\" \/>\n<meta property=\"og:title\" content=\"Gracias Arg - Rentennials\" \/>\n<meta property=\"og:description\" content=\"[vc_row full_width=&#8221;stretch_row&#8221; css=&#8221;.vc_custom_1655498130493{margin-top: -50px !important;margin-bottom: -40px !important;background-color: #efefef !important;}&#8221; woodmart_css_id=&#8221;62ace58da2a4a&#8221; mobile_bg_img_hidden=&#8221;no&#8221; tablet_bg_img_hidden=&#8221;no&#8221; woodmart_parallax=&#8221;0&#8243; woodmart_gradient_switch=&#8221;no&#8221; woodmart_box_shadow=&#8221;no&#8221; wd_z_index=&#8221;no&#8221; woodmart_disable_overflow=&#8221;0&#8243; row_reverse_mobile=&#8221;0&#8243; row_reverse_tablet=&#8221;0&#8243;][vc_column][vc_empty_space height=&#8221;40px&#8221;\" \/>\n<meta property=\"og:url\" content=\"https:\/\/blog.rentennials.app\/en\/gracias-arg\/\" \/>\n<meta property=\"og:site_name\" content=\"Rentennials\" \/>\n<meta property=\"article:publisher\" content=\"https:\/\/www.facebook.com\/Rentennials\" \/>\n<meta property=\"og:image\" content=\"https:\/\/blog.rentennials.app\/wp-content\/uploads\/2023\/10\/Yoast-SEO.jpg\" \/>\n\t<meta property=\"og:image:width\" content=\"1200\" \/>\n\t<meta property=\"og:image:height\" content=\"675\" \/>\n\t<meta property=\"og:image:type\" content=\"image\/jpeg\" \/>\n<meta name=\"twitter:card\" content=\"summary_large_image\" \/>\n<meta name=\"twitter:label1\" content=\"Est. reading time\" \/>\n\t<meta name=\"twitter:data1\" content=\"1 minute\" \/>\n<script type=\"application\/ld+json\" class=\"yoast-schema-graph\">{\"@context\":\"https:\/\/schema.org\",\"@graph\":[{\"@type\":\"WebPage\",\"@id\":\"https:\/\/blog.rentennials.app\/gracias-arg\/\",\"url\":\"https:\/\/blog.rentennials.app\/gracias-arg\/\",\"name\":\"Gracias Arg - Rentennials\",\"isPartOf\":{\"@id\":\"https:\/\/blog.rentennials.app\/#website\"},\"datePublished\":\"2023-08-14T12:30:03+00:00\",\"breadcrumb\":{\"@id\":\"https:\/\/blog.rentennials.app\/gracias-arg\/#breadcrumb\"},\"inLanguage\":\"en-US\",\"potentialAction\":[{\"@type\":\"ReadAction\",\"target\":[\"https:\/\/blog.rentennials.app\/gracias-arg\/\"]}]},{\"@type\":\"BreadcrumbList\",\"@id\":\"https:\/\/blog.rentennials.app\/gracias-arg\/#breadcrumb\",\"itemListElement\":[{\"@type\":\"ListItem\",\"position\":1,\"name\":\"Portada\",\"item\":\"https:\/\/blog.rentennials.app\/\"},{\"@type\":\"ListItem\",\"position\":2,\"name\":\"Gracias Arg\"}]},{\"@type\":\"WebSite\",\"@id\":\"https:\/\/blog.rentennials.app\/#website\",\"url\":\"https:\/\/blog.rentennials.app\/\",\"name\":\"Rentennials\",\"description\":\"Rent a Car de anfitriones locales \u2502 Car sharing\",\"publisher\":{\"@id\":\"https:\/\/blog.rentennials.app\/#organization\"},\"alternateName\":\"rentenials\",\"potentialAction\":[{\"@type\":\"SearchAction\",\"target\":{\"@type\":\"EntryPoint\",\"urlTemplate\":\"https:\/\/blog.rentennials.app\/?s={search_term_string}\"},\"query-input\":{\"@type\":\"PropertyValueSpecification\",\"valueRequired\":true,\"valueName\":\"search_term_string\"}}],\"inLanguage\":\"en-US\"},{\"@type\":\"Organization\",\"@id\":\"https:\/\/blog.rentennials.app\/#organization\",\"name\":\"Rentennials\",\"url\":\"https:\/\/blog.rentennials.app\/\",\"logo\":{\"@type\":\"ImageObject\",\"inLanguage\":\"en-US\",\"@id\":\"https:\/\/blog.rentennials.app\/#\/schema\/logo\/image\/\",\"url\":\"https:\/\/blog.rentennials.app\/wp-content\/uploads\/2022\/02\/Logo_Color.png\",\"contentUrl\":\"https:\/\/blog.rentennials.app\/wp-content\/uploads\/2022\/02\/Logo_Color.png\",\"width\":889,\"height\":543,\"caption\":\"Rentennials\"},\"image\":{\"@id\":\"https:\/\/blog.rentennials.app\/#\/schema\/logo\/image\/\"},\"sameAs\":[\"https:\/\/www.facebook.com\/Rentennials\",\"https:\/\/www.instagram.com\/rentennials.app\/\"]}]}<\/script>\n<!-- \/ Yoast SEO plugin. -->","yoast_head_json":{"title":"Gracias Arg - Rentennials","robots":{"index":"index","follow":"follow","max-snippet":"max-snippet:-1","max-image-preview":"max-image-preview:large","max-video-preview":"max-video-preview:-1"},"canonical":"https:\/\/blog.rentennials.app\/en\/gracias-arg\/","og_locale":"en_US","og_type":"article","og_title":"Gracias Arg - Rentennials","og_description":"[vc_row full_width=&#8221;stretch_row&#8221; css=&#8221;.vc_custom_1655498130493{margin-top: -50px !important;margin-bottom: -40px !important;background-color: #efefef !important;}&#8221; woodmart_css_id=&#8221;62ace58da2a4a&#8221; mobile_bg_img_hidden=&#8221;no&#8221; tablet_bg_img_hidden=&#8221;no&#8221; woodmart_parallax=&#8221;0&#8243; woodmart_gradient_switch=&#8221;no&#8221; woodmart_box_shadow=&#8221;no&#8221; wd_z_index=&#8221;no&#8221; woodmart_disable_overflow=&#8221;0&#8243; row_reverse_mobile=&#8221;0&#8243; row_reverse_tablet=&#8221;0&#8243;][vc_column][vc_empty_space height=&#8221;40px&#8221;","og_url":"https:\/\/blog.rentennials.app\/en\/gracias-arg\/","og_site_name":"Rentennials","article_publisher":"https:\/\/www.facebook.com\/Rentennials","og_image":[{"width":1200,"height":675,"url":"https:\/\/blog.rentennials.app\/wp-content\/uploads\/2023\/10\/Yoast-SEO.jpg","type":"image\/jpeg"}],"twitter_card":"summary_large_image","twitter_misc":{"Est. reading time":"1 minute"},"schema":{"@context":"https:\/\/schema.org","@graph":[{"@type":"WebPage","@id":"https:\/\/blog.rentennials.app\/gracias-arg\/","url":"https:\/\/blog.rentennials.app\/gracias-arg\/","name":"Gracias Arg - Rentennials","isPartOf":{"@id":"https:\/\/blog.rentennials.app\/#website"},"datePublished":"2023-08-14T12:30:03+00:00","breadcrumb":{"@id":"https:\/\/blog.rentennials.app\/gracias-arg\/#breadcrumb"},"inLanguage":"en-US","potentialAction":[{"@type":"ReadAction","target":["https:\/\/blog.rentennials.app\/gracias-arg\/"]}]},{"@type":"BreadcrumbList","@id":"https:\/\/blog.rentennials.app\/gracias-arg\/#breadcrumb","itemListElement":[{"@type":"ListItem","position":1,"name":"Portada","item":"https:\/\/blog.rentennials.app\/"},{"@type":"ListItem","position":2,"name":"Gracias Arg"}]},{"@type":"WebSite","@id":"https:\/\/blog.rentennials.app\/#website","url":"https:\/\/blog.rentennials.app\/","name":"Rentennials","description":"Rent a Car de anfitriones locales \u2502 Car sharing","publisher":{"@id":"https:\/\/blog.rentennials.app\/#organization"},"alternateName":"rentenials","potentialAction":[{"@type":"SearchAction","target":{"@type":"EntryPoint","urlTemplate":"https:\/\/blog.rentennials.app\/?s={search_term_string}"},"query-input":{"@type":"PropertyValueSpecification","valueRequired":true,"valueName":"search_term_string"}}],"inLanguage":"en-US"},{"@type":"Organization","@id":"https:\/\/blog.rentennials.app\/#organization","name":"Rentennials","url":"https:\/\/blog.rentennials.app\/","logo":{"@type":"ImageObject","inLanguage":"en-US","@id":"https:\/\/blog.rentennials.app\/#\/schema\/logo\/image\/","url":"https:\/\/blog.rentennials.app\/wp-content\/uploads\/2022\/02\/Logo_Color.png","contentUrl":"https:\/\/blog.rentennials.app\/wp-content\/uploads\/2022\/02\/Logo_Color.png","width":889,"height":543,"caption":"Rentennials"},"image":{"@id":"https:\/\/blog.rentennials.app\/#\/schema\/logo\/image\/"},"sameAs":["https:\/\/www.facebook.com\/Rentennials","https:\/\/www.instagram.com\/rentennials.app\/"]}]}},"_links":{"self":[{"href":"https:\/\/blog.rentennials.app\/en\/wp-json\/wp\/v2\/pages\/6216","targetHints":{"allow":["GET"]}}],"collection":[{"href":"https:\/\/blog.rentennials.app\/en\/wp-json\/wp\/v2\/pages"}],"about":[{"href":"https:\/\/blog.rentennials.app\/en\/wp-json\/wp\/v2\/types\/page"}],"author":[{"embeddable":true,"href":"https:\/\/blog.rentennials.app\/en\/wp-json\/wp\/v2\/users\/1"}],"replies":[{"embeddable":true,"href":"https:\/\/blog.rentennials.app\/en\/wp-json\/wp\/v2\/comments?post=6216"}],"version-history":[{"count":0,"href":"https:\/\/blog.rentennials.app\/en\/wp-json\/wp\/v2\/pages\/6216\/revisions"}],"wp:attachment":[{"href":"https:\/\/blog.rentennials.app\/en\/wp-json\/wp\/v2\/media?parent=6216"}],"wp:term":[{"taxonomy":"folder","embeddable":true,"href":"https:\/\/blog.rentennials.app\/en\/wp-json\/wp\/v2\/folder?post=6216"}],"curies":[{"name":"wp","href":"https:\/\/api.w.org\/{rel}","templated":true}]}}