{"id":5860,"date":"2023-07-03T13:58:06","date_gmt":"2023-07-03T13:58:06","guid":{"rendered":"https:\/\/blog.rentennials.app\/?page_id=5860"},"modified":"2023-07-03T14:26:39","modified_gmt":"2023-07-03T14:26:39","slug":"eliminar-cuenta","status":"publish","type":"page","link":"https:\/\/blog.rentennials.app\/en\/eliminar-cuenta\/","title":{"rendered":"Eliminar cuenta"},"content":{"rendered":"<p>[vc_row][vc_column][vc_row_inner][vc_column_inner width=&#8221;1\/4&#8243;][\/vc_column_inner][vc_column_inner width=&#8221;1\/2&#8243;]\t\t\t<link rel=\"stylesheet\" id=\"wd-section-title-css\" href=\"https:\/\/blog.rentennials.app\/wp-content\/themes\/woodmart\/css\/parts\/el-section-title.min.css?ver=7.2.4\" type=\"text\/css\" media=\"all\" \/> \t\t\t\t\t\t<link rel=\"stylesheet\" id=\"wd-mod-highlighted-text-css\" href=\"https:\/\/blog.rentennials.app\/wp-content\/themes\/woodmart\/css\/parts\/mod-highlighted-text.min.css?ver=7.2.4\" type=\"text\/css\" media=\"all\" \/> \t\t\t\n\t\t<div id=\"wd-64a2d47d81048\" class=\"title-wrapper wd-wpb set-mb-s reset-last-child  wd-rs-64a2d47d81048 wd-title-color-default wd-title-style-default text-center vc_custom_1688392842448 wd-underline-colored\">\n\t\t\t\t\t\t\t<div class=\"title-subtitle  subtitle-color-default font-alt subtitle-style-default wd-font-weight-500 wd-fontsize-m\">Pasos a seguir<\/div>\n\t\t\t\n\t\t\t<div class=\"liner-continer\">\n\t\t\t\t<h4 class=\"woodmart-title-container title  wd-font-weight- wd-fontsize-xxxl\" >C\u00f3mo eliminar tu cuenta en Rentennials<\/h4>\n\t\t\t\t\t\t\t<\/div>\n\t\t\t\n\t\t\t\n\t\t\t\n\t\t<\/div>\n\t\t\n\t\t[vc_empty_space height=&#8221;20px&#8221; woodmart_hide_large=&#8221;0&#8243; woodmart_hide_medium=&#8221;0&#8243; woodmart_hide_small=&#8221;0&#8243; woodmart_hide_extra_small=&#8221;0&#8243;][vc_column_text woodmart_inline=&#8221;no&#8221; text_larger=&#8221;no&#8221;]<\/p>\n<p style=\"text-align: center;\">Debes tener en cuenta que en caso de haber solicitado un alquiler que se encuentre en proceso, los datos asociados al mismo quedaran disponibles en nuestro sistema por un lapso de 90 dias, para evitar posibles fraudes, luego de ese periodo eliminaremos tu cuenta y todos los datos asociados.<\/p>\n<p>[\/vc_column_text][vc_empty_space height=&#8221;20px&#8221; woodmart_hide_large=&#8221;0&#8243; woodmart_hide_medium=&#8221;0&#8243; woodmart_hide_small=&#8221;0&#8243; woodmart_hide_extra_small=&#8221;0&#8243;][vc_btn title=&#8221;Quiero eliminar mi cuenta&#8221; style=&#8221;gradient-custom&#8221; gradient_custom_color_1=&#8221;#8224e3&#8243; gradient_custom_color_2=&#8221;#8224e3&#8243; shape=&#8221;round&#8221; size=&#8221;lg&#8221; align=&#8221;center&#8221; i_icon_fontawesome=&#8221;far fa-envelope-open&#8221; add_icon=&#8221;true&#8221; link=&#8221;url:mail%3Aayuda%40rentennials.app|target:_blank&#8221;][\/vc_column_inner][vc_column_inner width=&#8221;1\/4&#8243;][\/vc_column_inner][\/vc_row_inner][\/vc_column][\/vc_row][vc_row full_width=&#8221;stretch_row&#8221; content_placement=&#8221;middle&#8221; woodmart_parallax=&#8221;0&#8243; woodmart_gradient_switch=&#8221;no&#8221; row_reverse_mobile=&#8221;1&#8243; row_reverse_tablet=&#8221;0&#8243; woodmart_disable_overflow=&#8221;0&#8243; css=&#8221;.vc_custom_1652796743166{margin-bottom: -20px !important;}&#8221; mobile_bg_img_hidden=&#8221;no&#8221; tablet_bg_img_hidden=&#8221;no&#8221; woodmart_css_id=&#8221;6283ad2cc1eab&#8221; woodmart_box_shadow=&#8221;no&#8221; wd_z_index=&#8221;no&#8221;][vc_column woodmart_text_align=&#8221;right&#8221; css=&#8221;.vc_custom_1537789830738{padding-top: 4vh !important;padding-bottom: 4vh !important;}&#8221; woodmart_parallax=&#8221;0&#8243; parallax_scroll=&#8221;no&#8221; woodmart_sticky_column=&#8221;false&#8221; offset=&#8221;vc_col-lg-5 vc_col-md-6 vc_col-xs-12&#8243;]\n\t\t<div id=\"wd-64a2d51b39de7\" class=\"title-wrapper wd-wpb set-mb-s reset-last-child  wd-rs-64a2d51b39de7 wd-title-color-default wd-title-style-default text-right vc_custom_1688392994071 wd-underline-colored\">\n\t\t\t\t\t\t\t<div class=\"title-subtitle  subtitle-color-default font-alt subtitle-style-default wd-font-weight-600 wd-fontsize-xs\">01.<\/div>\n\t\t\t\n\t\t\t<div class=\"liner-continer\">\n\t\t\t\t<h4 class=\"woodmart-title-container title  wd-font-weight- wd-fontsize-l\" >Desde la app<\/h4>\n\t\t\t\t\t\t\t<\/div>\n\t\t\t\n\t\t\t\n\t\t\t\n\t\t<\/div>\n\t\t\n\t\t[vc_row_inner][vc_column_inner width=&#8221;1\/6&#8243;][\/vc_column_inner][vc_column_inner width=&#8221;5\/6&#8243;]\t\t\t<link rel=\"stylesheet\" id=\"wd-responsive-text-css\" href=\"https:\/\/blog.rentennials.app\/wp-content\/themes\/woodmart\/css\/parts\/el-responsive-text.min.css?ver=7.2.4\" type=\"text\/css\" media=\"all\" \/> \t\t\t\t\t\t<div id=\"wd-64a2d524c0779\" class=\"wd-text-block-wrapper wd-wpb wd-rs-64a2d524c0779 color-scheme-custom text-right \">\n\t\t\t\t<div class=\"woodmart-title-container woodmart-text-block reset-last-child font-alt wd-font-weight- wd-fontsize-m\">\n\t\t\t\t\tSolicita la eliminaci\u00f3n descargando nuestra app para <strong><span style=\"color: #6241d8;\">Android<\/span><\/strong> o <strong><span style=\"color: #6241d8;\">iphone<\/span><\/strong>. desde el men\u00fa inferior (M\u00e1s) &gt; (Eliminar cuenta)\t\t\t\t<\/div>\n\n\t\t\t\t\t\t\t<\/div>\n\t\t[\/vc_column_inner][\/vc_row_inner]<div id=\"wd-6272969ff0b5a\" class=\" wd-rs-6272969ff0b5a  wd-button-wrapper text-center inline-element\"><a href=\"https:\/\/play.google.com\/store\/apps\/details?id=com.rentennials&hl=es\" title=\"\" class=\"btn btn-color-primary btn-style-bordered btn-style-rectangle btn-size-default\">Google Play<\/a><\/div><div id=\"wd-626ff6b0f1983\" class=\" wd-rs-626ff6b0f1983  wd-button-wrapper text-center inline-element\"><a href=\"https:\/\/apps.apple.com\/us\/app\/rentennials-app\/id1621858062\" title=\"\" class=\"btn btn-color-primary btn-style-default btn-style-rectangle btn-size-default\">Apple Store<\/a><\/div>[\/vc_column][vc_column css=&#8221;.vc_custom_1537789823246{padding-top: 4vh !important;padding-bottom: 4vh !important;}&#8221; woodmart_parallax=&#8221;0&#8243; parallax_scroll=&#8221;no&#8221; woodmart_sticky_column=&#8221;false&#8221; offset=&#8221;vc_col-lg-7 vc_col-md-6 vc_col-xs-12&#8243;][vc_empty_space height=&#8221;30px&#8221; woodmart_hide_large=&#8221;0&#8243; woodmart_hide_medium=&#8221;0&#8243; woodmart_hide_small=&#8221;0&#8243; woodmart_hide_extra_small=&#8221;0&#8243;][vc_column_text woodmart_inline=&#8221;no&#8221; text_larger=&#8221;no&#8221;]<img decoding=\"async\" class=\"wp-image-5865 aligncenter lazyload\" data-src=\"https:\/\/blog.rentennials.app\/wp-content\/uploads\/2023\/07\/Eliminar.jpg\" alt=\"\" width=\"429\" height=\"671\" data-srcset=\"https:\/\/blog.rentennials.app\/wp-content\/uploads\/2023\/07\/Eliminar.jpg 618w, https:\/\/blog.rentennials.app\/wp-content\/uploads\/2023\/07\/Eliminar-192x300.jpg 192w, https:\/\/blog.rentennials.app\/wp-content\/uploads\/2023\/07\/Eliminar-600x938.jpg 600w, https:\/\/blog.rentennials.app\/wp-content\/uploads\/2023\/07\/Eliminar-150x234.jpg 150w\" data-sizes=\"(max-width: 429px) 100vw, 429px\" src=\"data:image\/svg+xml;base64,PHN2ZyB3aWR0aD0iMSIgaGVpZ2h0PSIxIiB4bWxucz0iaHR0cDovL3d3dy53My5vcmcvMjAwMC9zdmciPjwvc3ZnPg==\" style=\"--smush-placeholder-width: 429px; --smush-placeholder-aspect-ratio: 429\/671;\" \/>[\/vc_column_text][\/vc_column][\/vc_row][vc_row full_width=&#8221;stretch_row_content&#8221; mobile_bg_img_hidden=&#8221;no&#8221; tablet_bg_img_hidden=&#8221;no&#8221; woodmart_parallax=&#8221;0&#8243; woodmart_gradient_switch=&#8221;no&#8221; row_reverse_mobile=&#8221;0&#8243; row_reverse_tablet=&#8221;0&#8243; woodmart_disable_overflow=&#8221;0&#8243; woodmart_css_id=&#8221;628549807e3c6&#8243; woodmart_box_shadow=&#8221;no&#8221; wd_z_index=&#8221;no&#8221;][vc_column][vc_separator][\/vc_column][\/vc_row][vc_row][vc_column][vc_empty_space height=&#8221;40px&#8221; woodmart_hide_large=&#8221;0&#8243; woodmart_hide_medium=&#8221;0&#8243; woodmart_hide_small=&#8221;0&#8243;][vc_row_inner][vc_column_inner width=&#8221;1\/6&#8243;][\/vc_column_inner][vc_column_inner width=&#8221;2\/3&#8243;][vc_column_text woodmart_inline=&#8221;no&#8221; text_larger=&#8221;no&#8221;]<img decoding=\"async\" class=\"alignnone wp-image-5871 lazyload\" data-src=\"https:\/\/blog.rentennials.app\/wp-content\/uploads\/2023\/07\/1-300x143.png\" alt=\"\" width=\"195\" height=\"93\" data-srcset=\"https:\/\/blog.rentennials.app\/wp-content\/uploads\/2023\/07\/1-300x143.png 300w, https:\/\/blog.rentennials.app\/wp-content\/uploads\/2023\/07\/1-1024x488.png 1024w, https:\/\/blog.rentennials.app\/wp-content\/uploads\/2023\/07\/1-768x366.png 768w, https:\/\/blog.rentennials.app\/wp-content\/uploads\/2023\/07\/1-1536x732.png 1536w, https:\/\/blog.rentennials.app\/wp-content\/uploads\/2023\/07\/1-2048x976.png 2048w, https:\/\/blog.rentennials.app\/wp-content\/uploads\/2023\/07\/1-600x286.png 600w, https:\/\/blog.rentennials.app\/wp-content\/uploads\/2023\/07\/1-150x71.png 150w\" data-sizes=\"(max-width: 195px) 100vw, 195px\" src=\"data:image\/svg+xml;base64,PHN2ZyB3aWR0aD0iMSIgaGVpZ2h0PSIxIiB4bWxucz0iaHR0cDovL3d3dy53My5vcmcvMjAwMC9zdmciPjwvc3ZnPg==\" style=\"--smush-placeholder-width: 195px; --smush-placeholder-aspect-ratio: 195\/93;\" \/><\/p>\n<p>Utilizamos Stripe para la verificaci\u00f3n de documentos de identidad. Stripe conserva una copia de todos los datos proporcionados como parte de una verificaci\u00f3n. Es posible que tambi\u00e9n hayas dado tu consentimiento para permitir que Stripe utilice tus datos para mejorar su tecnolog\u00eda. Puedes eliminar tu informaci\u00f3n de los servidores de Stripe o revocar tu consentimiento visitando\u00a0<a class=\"c-link\" href=\"https:\/\/support.stripe.com\/\" target=\"_blank\" rel=\"noopener noreferrer\" data-stringify-link=\"https:\/\/support.stripe.com\" data-sk=\"tooltip_parent\">https:\/\/support.stripe.com<\/a>.[\/vc_column_text][\/vc_column_inner][vc_column_inner width=&#8221;1\/6&#8243;][\/vc_column_inner][\/vc_row_inner][vc_empty_space height=&#8221;40px&#8221; woodmart_hide_large=&#8221;0&#8243; woodmart_hide_medium=&#8221;0&#8243; woodmart_hide_small=&#8221;0&#8243;][\/vc_column][\/vc_row]<\/p>\n","protected":false},"excerpt":{"rendered":"<p>[vc_row][vc_column][vc_row_inner][vc_column_inner width=&#8221;1\/4&#8243;][\/vc_column_inner][vc_column_inner width=&#8221;1\/2&#8243;][vc_empty_space height=&#8221;20px&#8221; woodmart_hide_large=&#8221;0&#8243; woodmart_hide_medium=&#8221;0&#8243; woodmart_hide_small=&#8221;0&#8243; woodmart_hide_extra_small=&#8221;0&#8243;][vc_column_text woodmart_inline=&#8221;no&#8221; text_larger=&#8221;no&#8221;] Debes tener en cuenta que en caso de haber solicitado<\/p>\n","protected":false},"author":1,"featured_media":3195,"parent":0,"menu_order":0,"comment_status":"closed","ping_status":"closed","template":"","meta":{"_joinchat":{"telephone":"+542613860621"},"footnotes":""},"folder":[85],"class_list":["post-5860","page","type-page","status-publish","has-post-thumbnail","hentry"],"yoast_head":"<!-- This site is optimized with the Yoast SEO plugin v25.4 - https:\/\/yoast.com\/wordpress\/plugins\/seo\/ -->\n<title>Eliminar cuenta - Rentennials<\/title>\n<meta name=\"description\" content=\"En este breve tutorial te explicamos los pasos que debes seguir para rentar veh\u00edculos con Rentennials.\" \/>\n<meta name=\"robots\" content=\"index, follow, max-snippet:-1, max-image-preview:large, max-video-preview:-1\" \/>\n<link rel=\"canonical\" href=\"https:\/\/blog.rentennials.app\/en\/eliminar-cuenta\/\" \/>\n<meta property=\"og:locale\" content=\"en_US\" \/>\n<meta property=\"og:locale:alternate\" content=\"es_ES\" \/>\n<meta property=\"og:locale:alternate\" content=\"pt_PT\" \/>\n<meta property=\"og:type\" content=\"article\" \/>\n<meta property=\"og:title\" content=\"C\u00f3mo alquilar tus veh\u00edculos con Rentennials paso a paso\" \/>\n<meta property=\"og:description\" content=\"En este breve tutorial te explicamos los pasos que debes seguir para rentar veh\u00edculos con Rentennials. Comienza a gestionar tu propia Rent a Car, convi\u00e9rtete en Rentennial.\" \/>\n<meta property=\"og:url\" content=\"https:\/\/blog.rentennials.app\/en\/eliminar-cuenta\/\" \/>\n<meta property=\"og:site_name\" content=\"Rentennials\" \/>\n<meta property=\"article:publisher\" content=\"https:\/\/www.facebook.com\/Rentennials\" \/>\n<meta property=\"article:modified_time\" content=\"2023-07-03T14:26:39+00:00\" \/>\n<meta property=\"og:image\" content=\"https:\/\/blog.rentennials.app\/wp-content\/uploads\/2022\/02\/Agregar-un-titulo.jpg\" \/>\n\t<meta property=\"og:image:width\" content=\"1080\" \/>\n\t<meta property=\"og:image:height\" content=\"1080\" \/>\n\t<meta property=\"og:image:type\" content=\"image\/jpeg\" \/>\n<meta name=\"twitter:card\" content=\"summary_large_image\" \/>\n<meta name=\"twitter:title\" content=\"C\u00f3mo alquilar tus veh\u00edculos con Rentennials paso a paso\" \/>\n<meta name=\"twitter:description\" content=\"En este breve tutorial te explicamos los pasos que debes seguir para rentar veh\u00edculos con Rentennials. Comienza a gestionar tu propia Rent a Car, convi\u00e9rtete en Rentennial.\" \/>\n<meta name=\"twitter:image\" content=\"https:\/\/blog.rentennials.app\/wp-content\/uploads\/2022\/02\/Agregar-un-titulo.jpg\" \/>\n<meta name=\"twitter:label1\" content=\"Est. reading time\" \/>\n\t<meta name=\"twitter:data1\" content=\"2 minutes\" \/>\n<script type=\"application\/ld+json\" class=\"yoast-schema-graph\">{\"@context\":\"https:\/\/schema.org\",\"@graph\":[{\"@type\":\"WebPage\",\"@id\":\"https:\/\/blog.rentennials.app\/eliminar-cuenta\/\",\"url\":\"https:\/\/blog.rentennials.app\/eliminar-cuenta\/\",\"name\":\"Eliminar cuenta - Rentennials\",\"isPartOf\":{\"@id\":\"https:\/\/blog.rentennials.app\/#website\"},\"primaryImageOfPage\":{\"@id\":\"https:\/\/blog.rentennials.app\/eliminar-cuenta\/#primaryimage\"},\"image\":{\"@id\":\"https:\/\/blog.rentennials.app\/eliminar-cuenta\/#primaryimage\"},\"thumbnailUrl\":\"https:\/\/blog.rentennials.app\/wp-content\/uploads\/2022\/02\/Agregar-un-titulo.jpg\",\"datePublished\":\"2023-07-03T13:58:06+00:00\",\"dateModified\":\"2023-07-03T14:26:39+00:00\",\"description\":\"En este breve tutorial te explicamos los pasos que debes seguir para rentar veh\u00edculos con Rentennials.\",\"breadcrumb\":{\"@id\":\"https:\/\/blog.rentennials.app\/eliminar-cuenta\/#breadcrumb\"},\"inLanguage\":\"en-US\",\"potentialAction\":[{\"@type\":\"ReadAction\",\"target\":[\"https:\/\/blog.rentennials.app\/eliminar-cuenta\/\"]}]},{\"@type\":\"ImageObject\",\"inLanguage\":\"en-US\",\"@id\":\"https:\/\/blog.rentennials.app\/eliminar-cuenta\/#primaryimage\",\"url\":\"https:\/\/blog.rentennials.app\/wp-content\/uploads\/2022\/02\/Agregar-un-titulo.jpg\",\"contentUrl\":\"https:\/\/blog.rentennials.app\/wp-content\/uploads\/2022\/02\/Agregar-un-titulo.jpg\",\"width\":1080,\"height\":1080,\"caption\":\"economias colavorativas\"},{\"@type\":\"BreadcrumbList\",\"@id\":\"https:\/\/blog.rentennials.app\/eliminar-cuenta\/#breadcrumb\",\"itemListElement\":[{\"@type\":\"ListItem\",\"position\":1,\"name\":\"Portada\",\"item\":\"https:\/\/blog.rentennials.app\/\"},{\"@type\":\"ListItem\",\"position\":2,\"name\":\"Eliminar cuenta\"}]},{\"@type\":\"WebSite\",\"@id\":\"https:\/\/blog.rentennials.app\/#website\",\"url\":\"https:\/\/blog.rentennials.app\/\",\"name\":\"Rentennials\",\"description\":\"Rent a Car de anfitriones locales \u2502 Car sharing\",\"publisher\":{\"@id\":\"https:\/\/blog.rentennials.app\/#organization\"},\"alternateName\":\"rentenials\",\"potentialAction\":[{\"@type\":\"SearchAction\",\"target\":{\"@type\":\"EntryPoint\",\"urlTemplate\":\"https:\/\/blog.rentennials.app\/?s={search_term_string}\"},\"query-input\":{\"@type\":\"PropertyValueSpecification\",\"valueRequired\":true,\"valueName\":\"search_term_string\"}}],\"inLanguage\":\"en-US\"},{\"@type\":\"Organization\",\"@id\":\"https:\/\/blog.rentennials.app\/#organization\",\"name\":\"Rentennials\",\"url\":\"https:\/\/blog.rentennials.app\/\",\"logo\":{\"@type\":\"ImageObject\",\"inLanguage\":\"en-US\",\"@id\":\"https:\/\/blog.rentennials.app\/#\/schema\/logo\/image\/\",\"url\":\"https:\/\/blog.rentennials.app\/wp-content\/uploads\/2022\/02\/Logo_Color.png\",\"contentUrl\":\"https:\/\/blog.rentennials.app\/wp-content\/uploads\/2022\/02\/Logo_Color.png\",\"width\":889,\"height\":543,\"caption\":\"Rentennials\"},\"image\":{\"@id\":\"https:\/\/blog.rentennials.app\/#\/schema\/logo\/image\/\"},\"sameAs\":[\"https:\/\/www.facebook.com\/Rentennials\",\"https:\/\/www.instagram.com\/rentennials.app\/\"]}]}<\/script>\n<!-- \/ Yoast SEO plugin. -->","yoast_head_json":{"title":"Eliminar cuenta - Rentennials","description":"En este breve tutorial te explicamos los pasos que debes seguir para rentar veh\u00edculos con Rentennials.","robots":{"index":"index","follow":"follow","max-snippet":"max-snippet:-1","max-image-preview":"max-image-preview:large","max-video-preview":"max-video-preview:-1"},"canonical":"https:\/\/blog.rentennials.app\/en\/eliminar-cuenta\/","og_locale":"en_US","og_type":"article","og_title":"C\u00f3mo alquilar tus veh\u00edculos con Rentennials paso a paso","og_description":"En este breve tutorial te explicamos los pasos que debes seguir para rentar veh\u00edculos con Rentennials. Comienza a gestionar tu propia Rent a Car, convi\u00e9rtete en Rentennial.","og_url":"https:\/\/blog.rentennials.app\/en\/eliminar-cuenta\/","og_site_name":"Rentennials","article_publisher":"https:\/\/www.facebook.com\/Rentennials","article_modified_time":"2023-07-03T14:26:39+00:00","og_image":[{"width":1080,"height":1080,"url":"https:\/\/blog.rentennials.app\/wp-content\/uploads\/2022\/02\/Agregar-un-titulo.jpg","type":"image\/jpeg"}],"twitter_card":"summary_large_image","twitter_title":"C\u00f3mo alquilar tus veh\u00edculos con Rentennials paso a paso","twitter_description":"En este breve tutorial te explicamos los pasos que debes seguir para rentar veh\u00edculos con Rentennials. Comienza a gestionar tu propia Rent a Car, convi\u00e9rtete en Rentennial.","twitter_image":"https:\/\/blog.rentennials.app\/wp-content\/uploads\/2022\/02\/Agregar-un-titulo.jpg","twitter_misc":{"Est. reading time":"2 minutes"},"schema":{"@context":"https:\/\/schema.org","@graph":[{"@type":"WebPage","@id":"https:\/\/blog.rentennials.app\/eliminar-cuenta\/","url":"https:\/\/blog.rentennials.app\/eliminar-cuenta\/","name":"Eliminar cuenta - Rentennials","isPartOf":{"@id":"https:\/\/blog.rentennials.app\/#website"},"primaryImageOfPage":{"@id":"https:\/\/blog.rentennials.app\/eliminar-cuenta\/#primaryimage"},"image":{"@id":"https:\/\/blog.rentennials.app\/eliminar-cuenta\/#primaryimage"},"thumbnailUrl":"https:\/\/blog.rentennials.app\/wp-content\/uploads\/2022\/02\/Agregar-un-titulo.jpg","datePublished":"2023-07-03T13:58:06+00:00","dateModified":"2023-07-03T14:26:39+00:00","description":"En este breve tutorial te explicamos los pasos que debes seguir para rentar veh\u00edculos con Rentennials.","breadcrumb":{"@id":"https:\/\/blog.rentennials.app\/eliminar-cuenta\/#breadcrumb"},"inLanguage":"en-US","potentialAction":[{"@type":"ReadAction","target":["https:\/\/blog.rentennials.app\/eliminar-cuenta\/"]}]},{"@type":"ImageObject","inLanguage":"en-US","@id":"https:\/\/blog.rentennials.app\/eliminar-cuenta\/#primaryimage","url":"https:\/\/blog.rentennials.app\/wp-content\/uploads\/2022\/02\/Agregar-un-titulo.jpg","contentUrl":"https:\/\/blog.rentennials.app\/wp-content\/uploads\/2022\/02\/Agregar-un-titulo.jpg","width":1080,"height":1080,"caption":"economias colavorativas"},{"@type":"BreadcrumbList","@id":"https:\/\/blog.rentennials.app\/eliminar-cuenta\/#breadcrumb","itemListElement":[{"@type":"ListItem","position":1,"name":"Portada","item":"https:\/\/blog.rentennials.app\/"},{"@type":"ListItem","position":2,"name":"Eliminar cuenta"}]},{"@type":"WebSite","@id":"https:\/\/blog.rentennials.app\/#website","url":"https:\/\/blog.rentennials.app\/","name":"Rentennials","description":"Rent a Car de anfitriones locales \u2502 Car sharing","publisher":{"@id":"https:\/\/blog.rentennials.app\/#organization"},"alternateName":"rentenials","potentialAction":[{"@type":"SearchAction","target":{"@type":"EntryPoint","urlTemplate":"https:\/\/blog.rentennials.app\/?s={search_term_string}"},"query-input":{"@type":"PropertyValueSpecification","valueRequired":true,"valueName":"search_term_string"}}],"inLanguage":"en-US"},{"@type":"Organization","@id":"https:\/\/blog.rentennials.app\/#organization","name":"Rentennials","url":"https:\/\/blog.rentennials.app\/","logo":{"@type":"ImageObject","inLanguage":"en-US","@id":"https:\/\/blog.rentennials.app\/#\/schema\/logo\/image\/","url":"https:\/\/blog.rentennials.app\/wp-content\/uploads\/2022\/02\/Logo_Color.png","contentUrl":"https:\/\/blog.rentennials.app\/wp-content\/uploads\/2022\/02\/Logo_Color.png","width":889,"height":543,"caption":"Rentennials"},"image":{"@id":"https:\/\/blog.rentennials.app\/#\/schema\/logo\/image\/"},"sameAs":["https:\/\/www.facebook.com\/Rentennials","https:\/\/www.instagram.com\/rentennials.app\/"]}]}},"_links":{"self":[{"href":"https:\/\/blog.rentennials.app\/en\/wp-json\/wp\/v2\/pages\/5860","targetHints":{"allow":["GET"]}}],"collection":[{"href":"https:\/\/blog.rentennials.app\/en\/wp-json\/wp\/v2\/pages"}],"about":[{"href":"https:\/\/blog.rentennials.app\/en\/wp-json\/wp\/v2\/types\/page"}],"author":[{"embeddable":true,"href":"https:\/\/blog.rentennials.app\/en\/wp-json\/wp\/v2\/users\/1"}],"replies":[{"embeddable":true,"href":"https:\/\/blog.rentennials.app\/en\/wp-json\/wp\/v2\/comments?post=5860"}],"version-history":[{"count":0,"href":"https:\/\/blog.rentennials.app\/en\/wp-json\/wp\/v2\/pages\/5860\/revisions"}],"wp:featuredmedia":[{"embeddable":true,"href":"https:\/\/blog.rentennials.app\/en\/wp-json\/wp\/v2\/media\/3195"}],"wp:attachment":[{"href":"https:\/\/blog.rentennials.app\/en\/wp-json\/wp\/v2\/media?parent=5860"}],"wp:term":[{"taxonomy":"folder","embeddable":true,"href":"https:\/\/blog.rentennials.app\/en\/wp-json\/wp\/v2\/folder?post=5860"}],"curies":[{"name":"wp","href":"https:\/\/api.w.org\/{rel}","templated":true}]}}